{"id":4382,"date":"2025-05-23T15:56:48","date_gmt":"2025-05-23T14:56:48","guid":{"rendered":"https:\/\/kib-gmbh.de\/carrera-profesional\/"},"modified":"2025-07-18T11:25:01","modified_gmt":"2025-07-18T10:25:01","slug":"carrera-profesional","status":"publish","type":"page","link":"https:\/\/kib-gmbh.de\/es\/carrera-profesional\/","title":{"rendered":"Carrera profesional"},"content":{"rendered":"\t\t<div data-elementor-type=\"wp-page\" data-elementor-id=\"4382\" class=\"elementor elementor-4382 elementor-3233\" data-elementor-post-type=\"page\">\n\t\t\t\t<div class=\"elementor-element elementor-element-d60ee85 e-flex e-con-boxed elementor-invisible e-con e-parent\" data-id=\"d60ee85\" data-element_type=\"container\" data-e-type=\"container\" data-settings=\"{&quot;background_background&quot;:&quot;classic&quot;,&quot;animation&quot;:&quot;fadeIn&quot;}\">\n\t\t\t\t\t<div class=\"e-con-inner\">\n\t\t\t\t<div class=\"elementor-element elementor-element-0b4dd8e elementor-widget elementor-widget-heading\" data-id=\"0b4dd8e\" data-element_type=\"widget\" data-e-type=\"widget\" data-widget_type=\"heading.default\">\n\t\t\t\t<div class=\"elementor-widget-container\">\n\t\t\t\t\t<h1 class=\"elementor-heading-title elementor-size-default\">Carrera profesional<\/h1>\t\t\t\t<\/div>\n\t\t\t\t<\/div>\n\t\t\t\t\t<\/div>\n\t\t\t\t<\/div>\n\t\t<div class=\"elementor-element elementor-element-09f6638 e-flex e-con-boxed elementor-invisible e-con e-parent\" data-id=\"09f6638\" data-element_type=\"container\" data-e-type=\"container\" data-settings=\"{&quot;animation_tablet&quot;:&quot;fadeIn&quot;,&quot;animation&quot;:&quot;fadeIn&quot;,&quot;animation_delay&quot;:200}\">\n\t\t\t\t\t<div class=\"e-con-inner\">\n\t\t\t\t<div class=\"elementor-element elementor-element-0788b99 elementor-widget elementor-widget-heading\" data-id=\"0788b99\" data-element_type=\"widget\" data-e-type=\"widget\" data-widget_type=\"heading.default\">\n\t\t\t\t<div class=\"elementor-widget-container\">\n\t\t\t\t\t<h2 class=\"elementor-heading-title elementor-size-default\">Vacantes en KIB<\/h2>\t\t\t\t<\/div>\n\t\t\t\t<\/div>\n\t\t\t\t<div class=\"elementor-element elementor-element-eaf2a3c elementor-widget elementor-widget-text-editor\" data-id=\"eaf2a3c\" data-element_type=\"widget\" data-e-type=\"widget\" data-widget_type=\"text-editor.default\">\n\t\t\t\t<div class=\"elementor-widget-container\">\n\t\t\t\t\t\t\t\t\t<p>D\u00e9 forma al futuro de la ingenier\u00eda de plantas con nosotros y pase a formar parte de KIB &#8211; Engineering &amp; Consulting GmbH. Le ofrecemos<br>retos apasionantes y la oportunidad de desarrollarse profesional y personalmente. <\/p><p>Forme parte de un equipo din\u00e1mico<br>con jerarqu\u00edas planas y buenas oportunidades de carrera.<\/p><p>Actualmente buscamos especialistas motivados y j\u00f3venes talentos comprometidos para enriquecer nuestro equipo.<\/p>\t\t\t\t\t\t\t\t<\/div>\n\t\t\t\t<\/div>\n\t\t\t\t<div class=\"elementor-element elementor-element-ef023c0 elementor-grid-2 elementor-grid-tablet-2 elementor-grid-mobile-1 elementor-widget elementor-widget-loop-grid\" data-id=\"ef023c0\" data-element_type=\"widget\" data-e-type=\"widget\" data-settings=\"{&quot;template_id&quot;:4409,&quot;columns&quot;:2,&quot;_skin&quot;:&quot;post&quot;,&quot;columns_tablet&quot;:&quot;2&quot;,&quot;columns_mobile&quot;:&quot;1&quot;,&quot;edit_handle_selector&quot;:&quot;[data-elementor-type=\\&quot;loop-item\\&quot;]&quot;,&quot;row_gap&quot;:{&quot;unit&quot;:&quot;px&quot;,&quot;size&quot;:&quot;&quot;,&quot;sizes&quot;:[]},&quot;row_gap_laptop&quot;:{&quot;unit&quot;:&quot;px&quot;,&quot;size&quot;:&quot;&quot;,&quot;sizes&quot;:[]},&quot;row_gap_tablet&quot;:{&quot;unit&quot;:&quot;px&quot;,&quot;size&quot;:&quot;&quot;,&quot;sizes&quot;:[]},&quot;row_gap_mobile&quot;:{&quot;unit&quot;:&quot;px&quot;,&quot;size&quot;:&quot;&quot;,&quot;sizes&quot;:[]}}\" data-widget_type=\"loop-grid.post\">\n\t\t\t\t<div class=\"elementor-widget-container\">\n\t\t\t\t\t\t\t<div class=\"elementor-loop-container elementor-grid\" role=\"list\">\n\t\t<style id=\"loop-4409\">.elementor-4409 .elementor-element.elementor-element-e4f387d{--display:flex;--justify-content:space-between;--gap:0px 0px;--row-gap:0px;--column-gap:0px;--border-radius:5px 5px 5px 5px;--padding-top:0px;--padding-bottom:0px;--padding-left:0px;--padding-right:0px;}.elementor-4409 .elementor-element.elementor-element-e4f387d:not(.elementor-motion-effects-element-type-background), .elementor-4409 .elementor-element.elementor-element-e4f387d > .elementor-motion-effects-container > .elementor-motion-effects-layer{background-color:#F6F6F6;}.elementor-widget-theme-post-featured-image .widget-image-caption{color:var( --e-global-color-text );font-family:var( --e-global-typography-text-font-family ), Sans-serif;font-size:var( --e-global-typography-text-font-size );font-weight:var( --e-global-typography-text-font-weight );}.elementor-4409 .elementor-element.elementor-element-cd4c2ab img{border-radius:5px 5px 0px 0px;}.elementor-4409 .elementor-element.elementor-element-aacb59e{--display:flex;--padding-top:30px;--padding-bottom:30px;--padding-left:30px;--padding-right:30px;}.elementor-widget-theme-post-title .elementor-heading-title{font-family:var( --e-global-typography-primary-font-family ), Sans-serif;font-weight:var( --e-global-typography-primary-font-weight );color:var( --e-global-color-primary );}.elementor-4409 .elementor-element.elementor-element-564fbf0 .elementor-heading-title{font-family:var( --e-global-typography-8f4e36c-font-family ), Sans-serif;font-size:var( --e-global-typography-8f4e36c-font-size );font-weight:var( --e-global-typography-8f4e36c-font-weight );text-transform:var( --e-global-typography-8f4e36c-text-transform );line-height:var( --e-global-typography-8f4e36c-line-height );letter-spacing:var( --e-global-typography-8f4e36c-letter-spacing );word-spacing:var( --e-global-typography-8f4e36c-word-spacing );}.elementor-widget-theme-post-excerpt .elementor-widget-container{font-family:var( --e-global-typography-text-font-family ), Sans-serif;font-size:var( --e-global-typography-text-font-size );font-weight:var( --e-global-typography-text-font-weight );color:var( --e-global-color-text );}.elementor-widget-button .elementor-button{font-family:var( --e-global-typography-accent-font-family ), Sans-serif;font-weight:var( --e-global-typography-accent-font-weight );background-color:var( --e-global-color-accent );}.elementor-4409 .elementor-element.elementor-element-7c95297 .elementor-button{font-family:var( --e-global-typography-e06e0d5-font-family ), Sans-serif;font-size:var( --e-global-typography-e06e0d5-font-size );font-weight:var( --e-global-typography-e06e0d5-font-weight );text-transform:var( --e-global-typography-e06e0d5-text-transform );line-height:var( --e-global-typography-e06e0d5-line-height );letter-spacing:var( --e-global-typography-e06e0d5-letter-spacing );word-spacing:var( --e-global-typography-e06e0d5-word-spacing );fill:var( --e-global-color-3185e0c );color:var( --e-global-color-3185e0c );background-color:var( --e-global-color-accent );border-radius:5px 5px 5px 5px;}.elementor-4409 .elementor-element.elementor-element-7c95297 .elementor-button:hover, .elementor-4409 .elementor-element.elementor-element-7c95297 .elementor-button:focus{color:var( --e-global-color-3185e0c );background-color:var( --e-global-color-secondary );}.elementor-4409 .elementor-element.elementor-element-7c95297 .elementor-button:hover svg, .elementor-4409 .elementor-element.elementor-element-7c95297 .elementor-button:focus svg{fill:var( --e-global-color-3185e0c );}.elementor-4409 .elementor-element.elementor-element-7c95297 > .elementor-widget-container{padding:0px 30px 30px 30px;}@media(max-width:1366px){.elementor-widget-theme-post-featured-image .widget-image-caption{font-size:var( --e-global-typography-text-font-size );}.elementor-4409 .elementor-element.elementor-element-564fbf0 .elementor-heading-title{font-size:var( --e-global-typography-8f4e36c-font-size );line-height:var( --e-global-typography-8f4e36c-line-height );letter-spacing:var( --e-global-typography-8f4e36c-letter-spacing );word-spacing:var( --e-global-typography-8f4e36c-word-spacing );}.elementor-widget-theme-post-excerpt .elementor-widget-container{font-size:var( --e-global-typography-text-font-size );}.elementor-4409 .elementor-element.elementor-element-7c95297 .elementor-button{font-size:var( --e-global-typography-e06e0d5-font-size );line-height:var( --e-global-typography-e06e0d5-line-height );letter-spacing:var( --e-global-typography-e06e0d5-letter-spacing );word-spacing:var( --e-global-typography-e06e0d5-word-spacing );}}@media(max-width:1024px){.elementor-widget-theme-post-featured-image .widget-image-caption{font-size:var( --e-global-typography-text-font-size );}.elementor-4409 .elementor-element.elementor-element-564fbf0 .elementor-heading-title{font-size:var( --e-global-typography-8f4e36c-font-size );line-height:var( --e-global-typography-8f4e36c-line-height );letter-spacing:var( --e-global-typography-8f4e36c-letter-spacing );word-spacing:var( --e-global-typography-8f4e36c-word-spacing );}.elementor-widget-theme-post-excerpt .elementor-widget-container{font-size:var( --e-global-typography-text-font-size );}.elementor-4409 .elementor-element.elementor-element-7c95297 .elementor-button{font-size:var( --e-global-typography-e06e0d5-font-size );line-height:var( --e-global-typography-e06e0d5-line-height );letter-spacing:var( --e-global-typography-e06e0d5-letter-spacing );word-spacing:var( --e-global-typography-e06e0d5-word-spacing );}}@media(max-width:767px){.elementor-widget-theme-post-featured-image .widget-image-caption{font-size:var( --e-global-typography-text-font-size );}.elementor-4409 .elementor-element.elementor-element-564fbf0 .elementor-heading-title{font-size:var( --e-global-typography-8f4e36c-font-size );line-height:var( --e-global-typography-8f4e36c-line-height );letter-spacing:var( --e-global-typography-8f4e36c-letter-spacing );word-spacing:var( --e-global-typography-8f4e36c-word-spacing );}.elementor-widget-theme-post-excerpt .elementor-widget-container{font-size:var( --e-global-typography-text-font-size );}.elementor-4409 .elementor-element.elementor-element-7c95297 .elementor-button{font-size:var( --e-global-typography-e06e0d5-font-size );line-height:var( --e-global-typography-e06e0d5-line-height );letter-spacing:var( --e-global-typography-e06e0d5-letter-spacing );word-spacing:var( --e-global-typography-e06e0d5-word-spacing );}}<\/style>\t\t<div data-elementor-type=\"loop-item\" data-elementor-id=\"4409\" class=\"elementor elementor-4409 elementor-1153 elementor-1153 e-loop-item e-loop-item-4946 post-4946 jobs type-jobs status-publish has-post-thumbnail hentry\" data-elementor-post-type=\"elementor_library\" data-custom-edit-handle=\"1\">\n\t\t\t<div class=\"elementor-element elementor-element-e4f387d e-flex e-con-boxed elementor-invisible e-con e-parent\" data-id=\"e4f387d\" data-element_type=\"container\" data-e-type=\"container\" data-settings=\"{&quot;background_background&quot;:&quot;classic&quot;,&quot;animation&quot;:&quot;zoomIn&quot;,&quot;animation_delay&quot;:200}\">\n\t\t\t\t\t<div class=\"e-con-inner\">\n\t\t\t\t<div class=\"elementor-element elementor-element-cd4c2ab elementor-widget elementor-widget-theme-post-featured-image elementor-widget-image\" data-id=\"cd4c2ab\" data-element_type=\"widget\" data-e-type=\"widget\" data-widget_type=\"theme-post-featured-image.default\">\n\t\t\t\t<div class=\"elementor-widget-container\">\n\t\t\t\t\t\t\t\t\t\t\t\t\t\t\t<img fetchpriority=\"high\" decoding=\"async\" width=\"800\" height=\"450\" src=\"https:\/\/kib-gmbh.de\/wp-content\/uploads\/kib-karriere.jpg\" class=\"attachment-large size-large wp-image-4295\" alt=\"KIB Ingenier\u00eda y Consultor\u00eda\" srcset=\"https:\/\/kib-gmbh.de\/wp-content\/uploads\/kib-karriere.jpg 1920w, https:\/\/kib-gmbh.de\/wp-content\/uploads\/kib-karriere-600x338.jpg 600w, https:\/\/kib-gmbh.de\/wp-content\/uploads\/kib-karriere-768x432.jpg 768w, https:\/\/kib-gmbh.de\/wp-content\/uploads\/kib-karriere-1536x864.jpg 1536w\" sizes=\"(max-width: 800px) 100vw, 800px\" \/>\t\t\t\t\t\t\t\t\t\t\t\t\t\t\t<\/div>\n\t\t\t\t<\/div>\n\t\t<div class=\"elementor-element elementor-element-aacb59e e-con-full e-flex e-con e-child\" data-id=\"aacb59e\" data-element_type=\"container\" data-e-type=\"container\">\n\t\t\t\t<div class=\"elementor-element elementor-element-564fbf0 elementor-widget elementor-widget-theme-post-title elementor-page-title elementor-widget-heading\" data-id=\"564fbf0\" data-element_type=\"widget\" data-e-type=\"widget\" data-widget_type=\"theme-post-title.default\">\n\t\t\t\t<div class=\"elementor-widget-container\">\n\t\t\t\t\t<h3 class=\"elementor-heading-title elementor-size-default\">Ingeniero\/licenciado en construcciones met\u00e1licas y c\u00e1lculo de construcciones met\u00e1licas (h\/m\/x)<\/h3>\t\t\t\t<\/div>\n\t\t\t\t<\/div>\n\t\t\t\t<div class=\"elementor-element elementor-element-b9177ee elementor-widget elementor-widget-theme-post-excerpt\" data-id=\"b9177ee\" data-element_type=\"widget\" data-e-type=\"widget\" data-widget_type=\"theme-post-excerpt.default\">\n\t\t\t\t<div class=\"elementor-widget-container\">\n\t\t\t\t\t\u00a1Forme parte de nuestro din\u00e1mico equipo en KIB - Engineering &amp; Consulting GmbH y dise\u00f1e soluciones innovadoras en ingenier\u00eda de plantas!\t\t\t\t<\/div>\n\t\t\t\t<\/div>\n\t\t\t\t<\/div>\n\t\t\t\t<div class=\"elementor-element elementor-element-7c95297 elementor-widget elementor-widget-button\" data-id=\"7c95297\" data-element_type=\"widget\" data-e-type=\"widget\" data-widget_type=\"button.default\">\n\t\t\t\t<div class=\"elementor-widget-container\">\n\t\t\t\t\t\t\t\t\t<div class=\"elementor-button-wrapper\">\n\t\t\t\t\t<a class=\"elementor-button elementor-button-link elementor-size-sm\" href=\"https:\/\/kib-gmbh.de\/es\/jobs\/ingeniero-licenciado-en-calculo-de-construcciones-de-acero-h-m\/\">\n\t\t\t\t\t\t<span class=\"elementor-button-content-wrapper\">\n\t\t\t\t\t\t\t\t\t<span class=\"elementor-button-text\">Saber m\u00e1s<\/span>\n\t\t\t\t\t<\/span>\n\t\t\t\t\t<\/a>\n\t\t\t\t<\/div>\n\t\t\t\t\t\t\t\t<\/div>\n\t\t\t\t<\/div>\n\t\t\t\t\t<\/div>\n\t\t\t\t<\/div>\n\t\t\t\t<\/div>\n\t\t\t\t<div data-elementor-type=\"loop-item\" data-elementor-id=\"4409\" class=\"elementor elementor-4409 elementor-1153 elementor-1153 e-loop-item e-loop-item-4445 post-4445 jobs type-jobs status-publish has-post-thumbnail hentry\" data-elementor-post-type=\"elementor_library\" data-custom-edit-handle=\"1\">\n\t\t\t<div class=\"elementor-element elementor-element-e4f387d e-flex e-con-boxed elementor-invisible e-con e-parent\" data-id=\"e4f387d\" data-element_type=\"container\" data-e-type=\"container\" data-settings=\"{&quot;background_background&quot;:&quot;classic&quot;,&quot;animation&quot;:&quot;zoomIn&quot;,&quot;animation_delay&quot;:200}\">\n\t\t\t\t\t<div class=\"e-con-inner\">\n\t\t\t\t<div class=\"elementor-element elementor-element-cd4c2ab elementor-widget elementor-widget-theme-post-featured-image elementor-widget-image\" data-id=\"cd4c2ab\" data-element_type=\"widget\" data-e-type=\"widget\" data-widget_type=\"theme-post-featured-image.default\">\n\t\t\t\t<div class=\"elementor-widget-container\">\n\t\t\t\t\t\t\t\t\t\t\t\t\t\t\t<img decoding=\"async\" width=\"800\" height=\"450\" src=\"https:\/\/kib-gmbh.de\/wp-content\/uploads\/kib-engineering-und-consulting-01.jpg\" class=\"attachment-large size-large wp-image-4293\" alt=\"KIB Ingenier\u00eda y Consultor\u00eda\" srcset=\"https:\/\/kib-gmbh.de\/wp-content\/uploads\/kib-engineering-und-consulting-01.jpg 1920w, https:\/\/kib-gmbh.de\/wp-content\/uploads\/kib-engineering-und-consulting-01-600x338.jpg 600w, https:\/\/kib-gmbh.de\/wp-content\/uploads\/kib-engineering-und-consulting-01-768x432.jpg 768w, https:\/\/kib-gmbh.de\/wp-content\/uploads\/kib-engineering-und-consulting-01-1536x864.jpg 1536w\" sizes=\"(max-width: 800px) 100vw, 800px\" \/>\t\t\t\t\t\t\t\t\t\t\t\t\t\t\t<\/div>\n\t\t\t\t<\/div>\n\t\t<div class=\"elementor-element elementor-element-aacb59e e-con-full e-flex e-con e-child\" data-id=\"aacb59e\" data-element_type=\"container\" data-e-type=\"container\">\n\t\t\t\t<div class=\"elementor-element elementor-element-564fbf0 elementor-widget elementor-widget-theme-post-title elementor-page-title elementor-widget-heading\" data-id=\"564fbf0\" data-element_type=\"widget\" data-e-type=\"widget\" data-widget_type=\"theme-post-title.default\">\n\t\t\t\t<div class=\"elementor-widget-container\">\n\t\t\t\t\t<h3 class=\"elementor-heading-title elementor-size-default\">Pr\u00e1cticas en ingenier\u00eda de planta (h\/m\/x)<\/h3>\t\t\t\t<\/div>\n\t\t\t\t<\/div>\n\t\t\t\t<div class=\"elementor-element elementor-element-b9177ee elementor-widget elementor-widget-theme-post-excerpt\" data-id=\"b9177ee\" data-element_type=\"widget\" data-e-type=\"widget\" data-widget_type=\"theme-post-excerpt.default\">\n\t\t\t\t<div class=\"elementor-widget-container\">\n\t\t\t\t\tForme parte de nuestro innovador equipo en KIB - Engineering &amp; Consulting GmbH y adquiera una valiosa experiencia en ingenier\u00eda de plantas.\t\t\t\t<\/div>\n\t\t\t\t<\/div>\n\t\t\t\t<\/div>\n\t\t\t\t<div class=\"elementor-element elementor-element-7c95297 elementor-widget elementor-widget-button\" data-id=\"7c95297\" data-element_type=\"widget\" data-e-type=\"widget\" data-widget_type=\"button.default\">\n\t\t\t\t<div class=\"elementor-widget-container\">\n\t\t\t\t\t\t\t\t\t<div class=\"elementor-button-wrapper\">\n\t\t\t\t\t<a class=\"elementor-button elementor-button-link elementor-size-sm\" href=\"https:\/\/kib-gmbh.de\/es\/jobs\/becario-en-ingenieria-de-planta-h-m-d\/\">\n\t\t\t\t\t\t<span class=\"elementor-button-content-wrapper\">\n\t\t\t\t\t\t\t\t\t<span class=\"elementor-button-text\">Saber m\u00e1s<\/span>\n\t\t\t\t\t<\/span>\n\t\t\t\t\t<\/a>\n\t\t\t\t<\/div>\n\t\t\t\t\t\t\t\t<\/div>\n\t\t\t\t<\/div>\n\t\t\t\t\t<\/div>\n\t\t\t\t<\/div>\n\t\t\t\t<\/div>\n\t\t\t\t<div data-elementor-type=\"loop-item\" data-elementor-id=\"4409\" class=\"elementor elementor-4409 elementor-1153 elementor-1153 e-loop-item e-loop-item-4451 post-4451 jobs type-jobs status-publish has-post-thumbnail hentry\" data-elementor-post-type=\"elementor_library\" data-custom-edit-handle=\"1\">\n\t\t\t<div class=\"elementor-element elementor-element-e4f387d e-flex e-con-boxed elementor-invisible e-con e-parent\" data-id=\"e4f387d\" data-element_type=\"container\" data-e-type=\"container\" data-settings=\"{&quot;background_background&quot;:&quot;classic&quot;,&quot;animation&quot;:&quot;zoomIn&quot;,&quot;animation_delay&quot;:200}\">\n\t\t\t\t\t<div class=\"e-con-inner\">\n\t\t\t\t<div class=\"elementor-element elementor-element-cd4c2ab elementor-widget elementor-widget-theme-post-featured-image elementor-widget-image\" data-id=\"cd4c2ab\" data-element_type=\"widget\" data-e-type=\"widget\" data-widget_type=\"theme-post-featured-image.default\">\n\t\t\t\t<div class=\"elementor-widget-container\">\n\t\t\t\t\t\t\t\t\t\t\t\t\t\t\t<img fetchpriority=\"high\" decoding=\"async\" width=\"800\" height=\"450\" src=\"https:\/\/kib-gmbh.de\/wp-content\/uploads\/kib-karriere.jpg\" class=\"attachment-large size-large wp-image-4295\" alt=\"KIB Ingenier\u00eda y Consultor\u00eda\" srcset=\"https:\/\/kib-gmbh.de\/wp-content\/uploads\/kib-karriere.jpg 1920w, https:\/\/kib-gmbh.de\/wp-content\/uploads\/kib-karriere-600x338.jpg 600w, https:\/\/kib-gmbh.de\/wp-content\/uploads\/kib-karriere-768x432.jpg 768w, https:\/\/kib-gmbh.de\/wp-content\/uploads\/kib-karriere-1536x864.jpg 1536w\" sizes=\"(max-width: 800px) 100vw, 800px\" \/>\t\t\t\t\t\t\t\t\t\t\t\t\t\t\t<\/div>\n\t\t\t\t<\/div>\n\t\t<div class=\"elementor-element elementor-element-aacb59e e-con-full e-flex e-con e-child\" data-id=\"aacb59e\" data-element_type=\"container\" data-e-type=\"container\">\n\t\t\t\t<div class=\"elementor-element elementor-element-564fbf0 elementor-widget elementor-widget-theme-post-title elementor-page-title elementor-widget-heading\" data-id=\"564fbf0\" data-element_type=\"widget\" data-e-type=\"widget\" data-widget_type=\"theme-post-title.default\">\n\t\t\t\t<div class=\"elementor-widget-container\">\n\t\t\t\t\t<h3 class=\"elementor-heading-title elementor-size-default\">Ingeniero\/licenciado en planificaci\u00f3n 3D (h\/m\/x)<\/h3>\t\t\t\t<\/div>\n\t\t\t\t<\/div>\n\t\t\t\t<div class=\"elementor-element elementor-element-b9177ee elementor-widget elementor-widget-theme-post-excerpt\" data-id=\"b9177ee\" data-element_type=\"widget\" data-e-type=\"widget\" data-widget_type=\"theme-post-excerpt.default\">\n\t\t\t\t<div class=\"elementor-widget-container\">\n\t\t\t\t\t\u00a1Forme parte de nuestro din\u00e1mico equipo en KIB - Engineering &amp; Consulting GmbH y dise\u00f1e soluciones innovadoras en ingenier\u00eda de plantas!\t\t\t\t<\/div>\n\t\t\t\t<\/div>\n\t\t\t\t<\/div>\n\t\t\t\t<div class=\"elementor-element elementor-element-7c95297 elementor-widget elementor-widget-button\" data-id=\"7c95297\" data-element_type=\"widget\" data-e-type=\"widget\" data-widget_type=\"button.default\">\n\t\t\t\t<div class=\"elementor-widget-container\">\n\t\t\t\t\t\t\t\t\t<div class=\"elementor-button-wrapper\">\n\t\t\t\t\t<a class=\"elementor-button elementor-button-link elementor-size-sm\" href=\"https:\/\/kib-gmbh.de\/es\/jobs\/ingeniero-de-planificacion-3d-h-m-d\/\">\n\t\t\t\t\t\t<span class=\"elementor-button-content-wrapper\">\n\t\t\t\t\t\t\t\t\t<span class=\"elementor-button-text\">Saber m\u00e1s<\/span>\n\t\t\t\t\t<\/span>\n\t\t\t\t\t<\/a>\n\t\t\t\t<\/div>\n\t\t\t\t\t\t\t\t<\/div>\n\t\t\t\t<\/div>\n\t\t\t\t\t<\/div>\n\t\t\t\t<\/div>\n\t\t\t\t<\/div>\n\t\t\t\t<\/div>\n\t\t\n\t\t\t\t\t\t<\/div>\n\t\t\t\t<\/div>\n\t\t\t\t\t<\/div>\n\t\t\t\t<\/div>\n\t\t<div class=\"elementor-element elementor-element-fe9c490 e-flex e-con-boxed e-con e-parent\" data-id=\"fe9c490\" data-element_type=\"container\" data-e-type=\"container\" data-settings=\"{&quot;background_background&quot;:&quot;classic&quot;}\">\n\t\t\t\t\t<div class=\"e-con-inner\">\n\t\t\t\t<div class=\"elementor-element elementor-element-378e12b elementor-widget elementor-widget-text-editor\" data-id=\"378e12b\" data-element_type=\"widget\" data-e-type=\"widget\" data-widget_type=\"text-editor.default\">\n\t\t\t\t<div class=\"elementor-widget-container\">\n\t\t\t\t\t\t\t\t\t<p>Forme parte de nuestro \u00e9xito y contribuya con su experiencia y su pasi\u00f3n a proyectos apasionantes.<\/p>\t\t\t\t\t\t\t\t<\/div>\n\t\t\t\t<\/div>\n\t\t\t\t\t<\/div>\n\t\t\t\t<\/div>\n\t\t\t\t<\/div>\n\t\t","protected":false},"excerpt":{"rendered":"<p>Carrera profesional Vacantes en KIB D\u00e9 forma al futuro de la ingenier\u00eda de plantas con nosotros y pase a formar parte de KIB &#8211; Engineering &amp; Consulting GmbH. Le ofrecemosretos apasionantes y la oportunidad de desarrollarse profesional y personalmente. Forme parte de un equipo din\u00e1micocon jerarqu\u00edas planas y buenas oportunidades de carrera. Actualmente buscamos especialistas [&hellip;]<\/p>\n","protected":false},"author":1,"featured_media":0,"parent":0,"menu_order":0,"comment_status":"closed","ping_status":"closed","template":"","meta":{"footnotes":""},"class_list":["post-4382","page","type-page","status-publish","hentry"],"_links":{"self":[{"href":"https:\/\/kib-gmbh.de\/es\/wp-json\/wp\/v2\/pages\/4382","targetHints":{"allow":["GET"]}}],"collection":[{"href":"https:\/\/kib-gmbh.de\/es\/wp-json\/wp\/v2\/pages"}],"about":[{"href":"https:\/\/kib-gmbh.de\/es\/wp-json\/wp\/v2\/types\/page"}],"author":[{"embeddable":true,"href":"https:\/\/kib-gmbh.de\/es\/wp-json\/wp\/v2\/users\/1"}],"replies":[{"embeddable":true,"href":"https:\/\/kib-gmbh.de\/es\/wp-json\/wp\/v2\/comments?post=4382"}],"version-history":[{"count":1,"href":"https:\/\/kib-gmbh.de\/es\/wp-json\/wp\/v2\/pages\/4382\/revisions"}],"predecessor-version":[{"id":4383,"href":"https:\/\/kib-gmbh.de\/es\/wp-json\/wp\/v2\/pages\/4382\/revisions\/4383"}],"wp:attachment":[{"href":"https:\/\/kib-gmbh.de\/es\/wp-json\/wp\/v2\/media?parent=4382"}],"curies":[{"name":"wp","href":"https:\/\/api.w.org\/{rel}","templated":true}]}}