{"id":4376,"date":"2025-03-19T14:56:03","date_gmt":"2025-03-19T13:56:03","guid":{"rendered":"https:\/\/kib-gmbh.de\/experiencia\/interfaces-de-procesamiento\/"},"modified":"2025-07-18T11:24:58","modified_gmt":"2025-07-18T10:24:58","slug":"interfaces-de-procesamiento","status":"publish","type":"page","link":"https:\/\/kib-gmbh.de\/es\/experiencia\/interfaces-de-procesamiento\/","title":{"rendered":"Interfaces de procesamiento"},"content":{"rendered":"\t\t<div data-elementor-type=\"wp-page\" data-elementor-id=\"4376\" class=\"elementor elementor-4376 elementor-2932\" data-elementor-post-type=\"page\">\n\t\t\t\t<div class=\"elementor-element elementor-element-5b7ab5a e-flex e-con-boxed elementor-invisible e-con e-parent\" data-id=\"5b7ab5a\" data-element_type=\"container\" data-e-type=\"container\" data-settings=\"{&quot;background_background&quot;:&quot;classic&quot;,&quot;animation&quot;:&quot;fadeIn&quot;}\">\n\t\t\t\t\t<div class=\"e-con-inner\">\n\t\t\t\t<div class=\"elementor-element elementor-element-8fc9500 elementor-widget elementor-widget-heading\" data-id=\"8fc9500\" data-element_type=\"widget\" data-e-type=\"widget\" data-widget_type=\"heading.default\">\n\t\t\t\t<div class=\"elementor-widget-container\">\n\t\t\t\t\t<h1 class=\"elementor-heading-title elementor-size-default\">Interfaces de procesamiento<\/h1>\t\t\t\t<\/div>\n\t\t\t\t<\/div>\n\t\t\t\t\t<\/div>\n\t\t\t\t<\/div>\n\t\t<div class=\"elementor-element elementor-element-5d7d059 e-flex e-con-boxed e-con e-parent\" data-id=\"5d7d059\" data-element_type=\"container\" data-e-type=\"container\" data-settings=\"{&quot;background_background&quot;:&quot;classic&quot;}\">\n\t\t\t\t\t<div class=\"e-con-inner\">\n\t\t<div class=\"elementor-element elementor-element-197e42b e-con-full e-flex elementor-invisible e-con e-child\" data-id=\"197e42b\" data-element_type=\"container\" data-e-type=\"container\" data-settings=\"{&quot;animation&quot;:&quot;fadeIn&quot;,&quot;animation_delay&quot;:500,&quot;background_background&quot;:&quot;classic&quot;}\">\n\t\t\t\t<div class=\"elementor-element elementor-element-51cb9c2 elementor-widget elementor-widget-heading\" data-id=\"51cb9c2\" data-element_type=\"widget\" data-e-type=\"widget\" data-widget_type=\"heading.default\">\n\t\t\t\t<div class=\"elementor-widget-container\">\n\t\t\t\t\t<div class=\"elementor-heading-title elementor-size-default\">Nuestras competencias<\/div>\t\t\t\t<\/div>\n\t\t\t\t<\/div>\n\t\t\t\t<div class=\"elementor-element elementor-element-c9fd4d0 elementor-widget__width-inherit elementor-widget elementor-widget-heading\" data-id=\"c9fd4d0\" data-element_type=\"widget\" data-e-type=\"widget\" data-widget_type=\"heading.default\">\n\t\t\t\t<div class=\"elementor-widget-container\">\n\t\t\t\t\t<div class=\"elementor-heading-title elementor-size-default\">Planificaci\u00f3n interdisciplinar - interfaces vinculadas profesionalmente<\/div>\t\t\t\t<\/div>\n\t\t\t\t<\/div>\n\t\t\t\t<div class=\"elementor-element elementor-element-fd5859a elementor-widget elementor-widget-text-editor\" data-id=\"fd5859a\" data-element_type=\"widget\" data-e-type=\"widget\" data-widget_type=\"text-editor.default\">\n\t\t\t\t<div class=\"elementor-widget-container\">\n\t\t\t\t\t\t\t\t\t<p>La planificaci\u00f3n eficaz de una planta depende de la colaboraci\u00f3n sin fisuras de todas las disciplinas. En KIB, nos aseguramos de que el c\u00e1lculo, la est\u00e1tica de tuber\u00edas, la construcci\u00f3n met\u00e1lica, la planificaci\u00f3n en 3D, la creaci\u00f3n de planos y el sistema de listas asociado -como RoLi, ArLi o HaLi- sean precisos y est\u00e9n armonizados entre s\u00ed. <\/p><p>Gracias a especialistas cualificados y a la utilizaci\u00f3n de modernas soluciones de software basadas en bases de datos, garantizamos una comunicaci\u00f3n coherente y sin p\u00e9rdidas entre todas las fases de la planificaci\u00f3n.<\/p><p>El resultado: procesos optimizados, gran seguridad de planificaci\u00f3n y una base fiable para la licitaci\u00f3n, la producci\u00f3n y el montaje.<\/p>\t\t\t\t\t\t\t\t<\/div>\n\t\t\t\t<\/div>\n\t\t\t\t<div class=\"elementor-element elementor-element-d678937 elementor-widget elementor-widget-button\" data-id=\"d678937\" data-element_type=\"widget\" data-e-type=\"widget\" data-widget_type=\"button.default\">\n\t\t\t\t<div class=\"elementor-widget-container\">\n\t\t\t\t\t\t\t\t\t<div class=\"elementor-button-wrapper\">\n\t\t\t\t\t<a class=\"elementor-button elementor-button-link elementor-size-sm\" href=\"https:\/\/kib-gmbh.de\/es\/contacte-con-nosotros\/\">\n\t\t\t\t\t\t<span class=\"elementor-button-content-wrapper\">\n\t\t\t\t\t\t\t\t\t<span class=\"elementor-button-text\">Solicitar un proyecto<\/span>\n\t\t\t\t\t<\/span>\n\t\t\t\t\t<\/a>\n\t\t\t\t<\/div>\n\t\t\t\t\t\t\t\t<\/div>\n\t\t\t\t<\/div>\n\t\t\t\t<\/div>\n\t\t<div class=\"elementor-element elementor-element-4973087 e-con-full e-flex e-con e-child\" data-id=\"4973087\" data-element_type=\"container\" data-e-type=\"container\" data-settings=\"{&quot;background_background&quot;:&quot;classic&quot;}\">\n\t\t\t\t<\/div>\n\t\t\t\t\t<\/div>\n\t\t\t\t<\/div>\n\t\t\t\t<\/div>\n\t\t","protected":false},"excerpt":{"rendered":"<p>Interfaces de procesamiento Nuestras competencias Planificaci\u00f3n interdisciplinar &#8211; interfaces vinculadas profesionalmente La planificaci\u00f3n eficaz de una planta depende de la colaboraci\u00f3n sin fisuras de todas las disciplinas. En KIB, nos aseguramos de que el c\u00e1lculo, la est\u00e1tica de tuber\u00edas, la construcci\u00f3n met\u00e1lica, la planificaci\u00f3n en 3D, la creaci\u00f3n de planos y el sistema de listas [&hellip;]<\/p>\n","protected":false},"author":1,"featured_media":0,"parent":4285,"menu_order":0,"comment_status":"closed","ping_status":"closed","template":"","meta":{"footnotes":""},"class_list":["post-4376","page","type-page","status-publish","hentry"],"_links":{"self":[{"href":"https:\/\/kib-gmbh.de\/es\/wp-json\/wp\/v2\/pages\/4376","targetHints":{"allow":["GET"]}}],"collection":[{"href":"https:\/\/kib-gmbh.de\/es\/wp-json\/wp\/v2\/pages"}],"about":[{"href":"https:\/\/kib-gmbh.de\/es\/wp-json\/wp\/v2\/types\/page"}],"author":[{"embeddable":true,"href":"https:\/\/kib-gmbh.de\/es\/wp-json\/wp\/v2\/users\/1"}],"replies":[{"embeddable":true,"href":"https:\/\/kib-gmbh.de\/es\/wp-json\/wp\/v2\/comments?post=4376"}],"version-history":[{"count":1,"href":"https:\/\/kib-gmbh.de\/es\/wp-json\/wp\/v2\/pages\/4376\/revisions"}],"predecessor-version":[{"id":4378,"href":"https:\/\/kib-gmbh.de\/es\/wp-json\/wp\/v2\/pages\/4376\/revisions\/4378"}],"up":[{"embeddable":true,"href":"https:\/\/kib-gmbh.de\/es\/wp-json\/wp\/v2\/pages\/4285"}],"wp:attachment":[{"href":"https:\/\/kib-gmbh.de\/es\/wp-json\/wp\/v2\/media?parent=4376"}],"curies":[{"name":"wp","href":"https:\/\/api.w.org\/{rel}","templated":true}]}}