{"id":4310,"date":"2024-08-27T07:38:20","date_gmt":"2024-08-27T06:38:20","guid":{"rendered":"https:\/\/kib-gmbh.de\/proteccion-de-datos\/"},"modified":"2025-07-21T10:37:03","modified_gmt":"2025-07-21T09:37:03","slug":"proteccion-de-datos","status":"publish","type":"page","link":"https:\/\/kib-gmbh.de\/es\/proteccion-de-datos\/","title":{"rendered":"Protecci\u00f3n de datos"},"content":{"rendered":"\t\t<div data-elementor-type=\"wp-page\" data-elementor-id=\"4310\" class=\"elementor elementor-4310 elementor-3\" data-elementor-post-type=\"page\">\n\t\t\t\t<div class=\"elementor-element elementor-element-819ce7f e-flex e-con-boxed e-con e-parent\" data-id=\"819ce7f\" data-element_type=\"container\" data-e-type=\"container\" data-settings=\"{&quot;background_background&quot;:&quot;classic&quot;}\">\n\t\t\t\t\t<div class=\"e-con-inner\">\n\t\t<div class=\"elementor-element elementor-element-2918a34 e-con-full e-flex e-con e-child\" data-id=\"2918a34\" data-element_type=\"container\" data-e-type=\"container\">\n\t\t\t\t<div class=\"elementor-element elementor-element-f73cfcb elementor-widget elementor-widget-heading\" data-id=\"f73cfcb\" data-element_type=\"widget\" data-e-type=\"widget\" data-widget_type=\"heading.default\">\n\t\t\t\t<div class=\"elementor-widget-container\">\n\t\t\t\t\t<h1 class=\"elementor-heading-title elementor-size-default\">Protecci\u00f3n de datos<\/h1>\t\t\t\t<\/div>\n\t\t\t\t<\/div>\n\t\t\t\t<div class=\"elementor-element elementor-element-b01cccd elementor-widget elementor-widget-text-editor\" data-id=\"b01cccd\" data-element_type=\"widget\" data-e-type=\"widget\" data-widget_type=\"text-editor.default\">\n\t\t\t\t<div class=\"elementor-widget-container\">\n\t\t\t\t\t\t\t\t\t<h2>1. la protecci\u00f3n de datos de un vistazo<\/h2><h3>1.1. Informaci\u00f3n general<\/h3><p>La siguiente informaci\u00f3n ofrece una visi\u00f3n sencilla de lo que ocurre con sus datos personales cuando visita este sitio web. Por datos personales se entiende cualquier dato que pueda utilizarse para identificarle personalmente. Encontrar\u00e1 informaci\u00f3n detallada sobre el tema de la protecci\u00f3n de datos en nuestra declaraci\u00f3n de protecci\u00f3n de datos que figura debajo de este texto.  <\/p><h3>1.2. Recogida de datos en este sitio web<\/h3><p>\u00bfQui\u00e9n es el responsable de la recopilaci\u00f3n de datos en este sitio web?<\/p><p>El tratamiento de datos en este sitio web lo lleva a cabo el operador del sitio web. Puede encontrar los datos de contacto del operador en la secci\u00f3n \u00abInformaci\u00f3n sobre el responsable del tratamiento\u00bb de esta pol\u00edtica de privacidad. <\/p><h3>1.3. \u00bfC\u00f3mo recopilamos sus datos?<\/h3><p>Por un lado, sus datos se recogen cuando usted nos los proporciona. Puede tratarse, por ejemplo, de datos que usted introduce en un formulario de contacto. <\/p><p>Nuestros sistemas inform\u00e1ticos recopilan otros datos autom\u00e1ticamente o con su consentimiento cuando usted visita el sitio web. Se trata principalmente de datos t\u00e9cnicos (por ejemplo, navegador de Internet, sistema operativo o tiempo de visualizaci\u00f3n de la p\u00e1gina). Estos datos se recogen autom\u00e1ticamente en cuanto usted entra en este sitio web.  <\/p><h3>1.4. \u00bfPara qu\u00e9 utilizamos sus datos?<\/h3><p>Algunos de los datos se recogen para garantizar que el sitio web se ofrece sin errores. Otros datos pueden utilizarse para analizar su comportamiento como usuario. Si se pueden celebrar o iniciar contratos a trav\u00e9s del sitio web, los datos transmitidos tambi\u00e9n se procesar\u00e1n para ofertas de contratos, pedidos u otras consultas de pedidos.  <\/p><h3>1.5. \u00bfQu\u00e9 derechos tiene en relaci\u00f3n con sus datos?<\/h3><p>Tiene derecho a recibir en cualquier momento informaci\u00f3n gratuita sobre el origen, el destinatario y la finalidad de sus datos personales almacenados. Tambi\u00e9n tiene derecho a solicitar la correcci\u00f3n o supresi\u00f3n de estos datos. Si ha dado su consentimiento al tratamiento de datos, puede revocarlo en cualquier momento para el futuro. Tambi\u00e9n tiene derecho a solicitar la limitaci\u00f3n del tratamiento de sus datos personales en determinadas circunstancias. Adem\u00e1s, tiene derecho a presentar una reclamaci\u00f3n ante la autoridad de control competente.    <\/p><p>Puede ponerse en contacto con nosotros en cualquier momento si tiene m\u00e1s preguntas sobre el tema de la protecci\u00f3n de datos.<\/p><h3>1.6. Herramientas de an\u00e1lisis y herramientas de terceros proveedores<\/h3><p>Cuando visita este sitio web, su comportamiento de navegaci\u00f3n puede ser evaluado estad\u00edsticamente. Esto se realiza principalmente con los denominados programas de an\u00e1lisis. <\/p><p>Encontrar\u00e1 informaci\u00f3n detallada sobre estos programas de an\u00e1lisis en la siguiente pol\u00edtica de privacidad.<\/p><h2>2. alojamiento<\/h2><p>Alojamos el contenido de nuestro sitio web con el siguiente proveedor:<\/p><p><strong>Strato<\/strong><\/p><p>El proveedor es Strato AG, Otto-Ostrowski-Stra\u00dfe 7, 10249 Berl\u00edn (en lo sucesivo, \u00abStrato\u00bb). Cuando visita nuestro sitio web, Strato registra varios archivos de registro, incluidas sus direcciones IP. <\/p><p>Encontrar\u00e1 m\u00e1s informaci\u00f3n en la pol\u00edtica de privacidad de Strato: <a href=\"https:\/\/www.strato.de\/datenschutz\/.\" target=\"_blank\" rel=\"noopener\">https:\/\/www.strato.de\/datenschutz\/.<\/a><\/p><p>El uso de Strato se basa en el Art. 6 p\u00e1rrafo 1 lit. f GDPR. Tenemos un inter\u00e9s leg\u00edtimo en garantizar que nuestro sitio web se muestre de la forma m\u00e1s fiable posible. Si se ha solicitado el correspondiente consentimiento, el tratamiento se lleva a cabo exclusivamente sobre la base del art. 6, apdo. 1 lit. a GDPR y del art. 25, apdo. 1 TDDDG, en la medida en que el consentimiento incluya el almacenamiento de cookies o el acceso a informaci\u00f3n en el dispositivo terminal del usuario (por ejemplo, huella digital del dispositivo) en el sentido de la TDDDG. El consentimiento puede revocarse en cualquier momento.        <\/p><h2>3 Notas generales e informaci\u00f3n obligatoria<\/h2><h3>3.1. Protecci\u00f3n de datos<\/h3><p>Los operadores de estas p\u00e1ginas se toman muy en serio la protecci\u00f3n de sus datos personales. Tratamos sus datos personales de forma confidencial y de acuerdo con las normas legales de protecci\u00f3n de datos y esta pol\u00edtica de privacidad. <\/p><p>Cuando utiliza este sitio web, se recopilan diversos datos personales. Los datos personales son aquellos que pueden utilizarse para identificarle personalmente. Esta pol\u00edtica de privacidad explica qu\u00e9 datos recogemos y para qu\u00e9 los utilizamos. Tambi\u00e9n explica c\u00f3mo y con qu\u00e9 finalidad lo hacemos.   <\/p><p>Nos gustar\u00eda se\u00f1alar que la transmisi\u00f3n de datos a trav\u00e9s de Internet (por ejemplo, cuando se comunica por correo electr\u00f3nico) puede estar sujeta a vulnerabilidades de seguridad. No es posible una protecci\u00f3n completa de los datos contra el acceso de terceros. <\/p><h3>3.2. Nota sobre el organismo responsable<\/h3><p>El responsable del tratamiento de datos en este sitio web es<\/p><p>Markus Kirchenbauer, Ingeniero Diplomado (FH) Director General<\/p><p>B\u00fcrgermeister-Ertl-Stra\u00dfe 28a,<br>D-82178 Puchheim<\/p><p>Tel\u00e9fono: <a href=\"tel:+498972631010\">+49 89 7263101-0<\/a> <br>Correo electr\u00f3nico: <a href=\"mailto:info@kib-gmbh.de\">info@kib-gmbh.de<\/a><\/p><p>El responsable del tratamiento es la persona f\u00edsica o jur\u00eddica que, sola o conjuntamente con otras, determina los fines y los medios del tratamiento de los datos personales (por ejemplo, nombres, direcciones de correo electr\u00f3nico, etc.).<\/p><h3>3.3. Duraci\u00f3n del almacenamiento<\/h3><p>A menos que se haya especificado un periodo de almacenamiento m\u00e1s concreto en esta pol\u00edtica de privacidad, sus datos personales permanecer\u00e1n con nosotros hasta que el prop\u00f3sito del procesamiento de datos deje de ser aplicable. Si hace valer una solicitud justificada de supresi\u00f3n o revoca su consentimiento para el tratamiento de datos, sus datos ser\u00e1n suprimidos a menos que tengamos otras razones legalmente permitidas para almacenar sus datos personales (por ejemplo, periodos de conservaci\u00f3n en virtud de la legislaci\u00f3n fiscal o mercantil); en este \u00faltimo caso, la supresi\u00f3n tendr\u00e1 lugar una vez que dichas razones hayan dejado de ser aplicables. <\/p><h3>3.4. Informaci\u00f3n general sobre la base jur\u00eddica para el tratamiento de datos en este sitio web<\/h3><p>Si ha dado su consentimiento para el procesamiento de datos, procesamos sus datos personales sobre la base del Art. 6 p\u00e1rr. 1 lit. a GDPR o del Art. 9 p\u00e1rr. 2 lit. a GDPR, en la medida en que se procesen categor\u00edas especiales de datos de conformidad con el Art. 9 p\u00e1rr. 1 GDPR. En caso de consentimiento expreso para la transferencia de datos personales a terceros pa\u00edses, el tratamiento de datos tambi\u00e9n se lleva a cabo sobre la base del Art. 49 p\u00e1rr. 1 lit. a GDPR. Si ha dado su consentimiento para el almacenamiento de cookies o el acceso a informaci\u00f3n en su dispositivo final (por ejemplo, a trav\u00e9s de la huella digital del dispositivo), el tratamiento de datos tambi\u00e9n se lleva a cabo sobre la base del art\u00edculo 25, apartado 1, de la GDPR. El consentimiento puede revocarse en cualquier momento. Si sus datos son necesarios para el cumplimiento de un contrato o para la aplicaci\u00f3n de medidas precontractuales, procesamos sus datos sobre la base del Art. 6 p\u00e1rrafo 1 lit. b GDPR. Adem\u00e1s, procesamos sus datos si es necesario para cumplir una obligaci\u00f3n legal sobre la base del Art. 6 para. 1 lit. c GDPR. El tratamiento de datos tambi\u00e9n puede llevarse a cabo sobre la base de nuestro inter\u00e9s leg\u00edtimo de conformidad con el Art. 6 p\u00e1rr. 1 lit. f GDPR. La informaci\u00f3n sobre las bases jur\u00eddicas pertinentes en cada caso individual se proporciona en los p\u00e1rrafos siguientes de esta pol\u00edtica de privacidad.                     <\/p><h3>3.5. Destinatarios de los datos personales<\/h3><p>Como parte de nuestras actividades empresariales, colaboramos con diversas organizaciones externas. En algunos casos, tambi\u00e9n es necesario transferir datos personales a estas organizaciones externas. S\u00f3lo transmitimos datos personales a organismos externos si es necesario para el cumplimiento de un contrato, si estamos legalmente obligados a hacerlo (por ejemplo, transmisi\u00f3n de datos a las autoridades fiscales), si tenemos un inter\u00e9s leg\u00edtimo en la transmisi\u00f3n de acuerdo con el Art. 6 p\u00e1rrafo 1 lit. f GDPR o si otra base legal permite la transmisi\u00f3n de datos. Cuando utilizamos procesadores, s\u00f3lo transmitimos los datos personales de nuestros clientes sobre la base de un contrato v\u00e1lido para el procesamiento de pedidos. En caso de procesamiento conjunto, se celebra un acuerdo de procesamiento conjunto.      <\/p><h3>3.6. Revocaci\u00f3n de su consentimiento para el tratamiento de datos<\/h3><p>Muchas operaciones de tratamiento de datos s\u00f3lo son posibles con su consentimiento expreso. Puede revocar su consentimiento en cualquier momento. La legalidad del tratamiento de datos efectuado hasta la revocaci\u00f3n no se ver\u00e1 afectada por \u00e9sta.  <\/p><p>Derecho a oponerse a la recogida de datos en casos especiales y al marketing directo (Art. 21 GDPR)<\/p><p>SI EL TRATAMIENTO DE DATOS SE BASA EN EL ART. 6 ABS. 1 LIT. E O F GDPR, TIENE DERECHO A OPONERSE EN CUALQUIER MOMENTO AL TRATAMIENTO DE SUS DATOS PERSONALES POR MOTIVOS RELACIONADOS CON SU SITUACI\u00d3N PARTICULAR; ESTO TAMBI\u00c9N SE APLICA A LA ELABORACI\u00d3N DE PERFILES BASADA EN ESTAS DISPOSICIONES. LA BASE JUR\u00cdDICA RESPECTIVA EN LA QUE SE BASA EL TRATAMIENTO PUEDE CONSULTARSE EN ESTA POL\u00cdTICA DE PRIVACIDAD. SI SE OPONE, DEJAREMOS DE TRATAR SUS DATOS PERSONALES EN CUESTI\u00d3N, A MENOS QUE PODAMOS DEMOSTRAR MOTIVOS LEG\u00cdTIMOS IMPERIOSOS PARA EL TRATAMIENTO QUE PREVALEZCAN SOBRE SUS INTERESES, DERECHOS Y LIBERTADES, O QUE EL TRATAMIENTO SIRVA PARA EL ESTABLECIMIENTO, EJERCICIO O DEFENSA DE RECLAMACIONES LEGALES (OBJECI\u00d3N DE CONFORMIDAD CON EL ART\u00cdCULO 21, APARTADO 1 DEL GDPR).    <\/p><p>SI SUS DATOS PERSONALES SE TRATAN CON FINES DE MERCADOTECNIA DIRECTA, TIENE DERECHO A OPONERSE EN CUALQUIER MOMENTO AL TRATAMIENTO DE LOS DATOS PERSONALES QUE LE CONCIERNEN CON FINES DE DICHA MERCADOTECNIA; ESTO TAMBI\u00c9N SE APLICA A LA ELABORACI\u00d3N DE PERFILES EN LA MEDIDA EN QUE EST\u00c9 RELACIONADA CON DICHA MERCADOTECNIA DIRECTA. SI SE OPONE, SUS DATOS PERSONALES DEJAR\u00c1N DE UTILIZARSE POSTERIORMENTE PARA FINES DE MERCADOTECNIA DIRECTA (OBJECI\u00d3N DE CONFORMIDAD CON EL ART. 21 P\u00c1RRAFO 2 DEL GDPR). <\/p><h3>3.7. Derecho a presentar una reclamaci\u00f3n ante la autoridad de control competente<\/h3><p>En caso de violaci\u00f3n del RGPD, los interesados tienen derecho a presentar una reclamaci\u00f3n ante una autoridad de control, en particular en el Estado miembro de su residencia habitual, lugar de trabajo o lugar de la presunta violaci\u00f3n. El derecho a presentar una reclamaci\u00f3n se entiende sin perjuicio de cualquier otro recurso administrativo o judicial. <\/p><h3>3.8. Derecho a la portabilidad de los datos<\/h3><p>Tiene derecho a que los datos que procesamos autom\u00e1ticamente sobre la base de su consentimiento o en cumplimiento de un contrato le sean entregados a usted o a un tercero en un formato de uso com\u00fan legible por m\u00e1quina. Si solicita la transferencia directa de los datos a otro responsable del tratamiento, \u00e9sta s\u00f3lo tendr\u00e1 lugar si es t\u00e9cnicamente viable. <\/p><h3>3.9. Informaci\u00f3n, correcci\u00f3n y supresi\u00f3n<\/h3><p>En el marco de las disposiciones legales aplicables, usted tiene derecho en todo momento a la libre informaci\u00f3n sobre sus datos personales almacenados, su origen y destinatario y la finalidad del tratamiento de los datos y, en su caso, derecho a la rectificaci\u00f3n o supresi\u00f3n de los mismos. Puede ponerse en contacto con nosotros en cualquier momento si tiene m\u00e1s preguntas sobre el tema de los datos personales. <\/p><h3>3.10. Derecho a la restricci\u00f3n del tratamiento<\/h3><p>Tiene derecho a solicitar la limitaci\u00f3n del tratamiento de sus datos personales. Para ello, puede ponerse en contacto con nosotros en cualquier momento. El derecho a la restricci\u00f3n del tratamiento existe en los siguientes casos:  <\/p><p>Si cuestiona la exactitud de sus datos personales almacenados por nosotros, por lo general necesitamos tiempo para comprobarlo. Mientras dure la revisi\u00f3n, tiene derecho a solicitar que se restrinja el tratamiento de sus datos personales. <\/p><p>Si el tratamiento de sus datos personales ha sido\/es il\u00edcito, puede solicitar la limitaci\u00f3n del tratamiento de los datos en lugar de su supresi\u00f3n.<\/p><p>Si ya no necesitamos sus datos personales, pero usted los necesita para el ejercicio, defensa o reclamaci\u00f3n de acciones legales, tiene derecho a solicitar la limitaci\u00f3n del tratamiento de sus datos personales en lugar de su supresi\u00f3n.<\/p><p>Si ha presentado una objeci\u00f3n de conformidad con el art. 21 (1) GDPR, se debe alcanzar un equilibrio entre sus intereses y los nuestros. Mientras no se haya determinado qu\u00e9 intereses prevalecen, usted tiene derecho a solicitar la restricci\u00f3n del tratamiento de sus datos personales.  <\/p><p>Si ha restringido el tratamiento de sus datos personales, estos datos &#8211; aparte de su almacenamiento &#8211; s\u00f3lo podr\u00e1n ser tratados con su consentimiento o para el establecimiento, ejercicio o defensa de reclamaciones legales o para la protecci\u00f3n de los derechos de otra persona f\u00edsica o jur\u00eddica o por razones de importante inter\u00e9s p\u00fablico de la Uni\u00f3n Europea o de un Estado miembro.<\/p><h3>3.11. Cifrado SSL o TLS<\/h3><p>Este sitio utiliza el cifrado SSL o TLS por razones de seguridad y para proteger la transmisi\u00f3n de contenidos confidenciales, como los pedidos o consultas que nos env\u00ede como operador del sitio. Puede reconocer una conexi\u00f3n encriptada por el hecho de que la l\u00ednea de direcci\u00f3n del navegador cambia de \u00abhttp:\/\/\u00bb a \u00abhttps:\/\/\u00bb y por el s\u00edmbolo del candado en la l\u00ednea de su navegador. <\/p><p>Si el cifrado SSL o TLS est\u00e1 activado, los datos que nos transmita no podr\u00e1n ser le\u00eddos por terceros.<\/p><h3>3.12. Objeci\u00f3n a los correos electr\u00f3nicos publicitarios<\/h3><p>Por la presente nos oponemos al uso de los datos de contacto publicados en el marco de nuestra obligaci\u00f3n de aviso legal para el env\u00edo de material publicitario e informativo no solicitado. Los operadores de este sitio web se reservan expresamente el derecho a emprender acciones legales en caso de env\u00edo no solicitado de informaci\u00f3n publicitaria, como correos electr\u00f3nicos basura. <\/p><h2>4. recogida de datos en este sitio web<\/h2><h3>4.1. Cookies<\/h3><p>Nuestras p\u00e1ginas de Internet utilizan las llamadas \u00abcookies\u00bb. Las cookies son peque\u00f1os paquetes de datos y no causan ning\u00fan da\u00f1o a su dispositivo final. Se almacenan en su dispositivo de forma temporal durante una sesi\u00f3n (cookies de sesi\u00f3n) o permanente (cookies permanentes). Las cookies de sesi\u00f3n se eliminan autom\u00e1ticamente al final de su visita. Las cookies permanentes permanecen almacenadas en su dispositivo final hasta que usted mismo las borra o hasta que su navegador web las borra autom\u00e1ticamente.    <\/p><p>Las cookies pueden proceder de nosotros (cookies de origen) o de terceras empresas (las denominadas cookies de terceros). Las cookies de terceros permiten la integraci\u00f3n de determinados servicios de terceras empresas dentro de los sitios web (por ejemplo, cookies para procesar servicios de pago). <\/p><p>Las cookies tienen diversas funciones. Muchas cookies son t\u00e9cnicamente necesarias, ya que determinadas funciones del sitio web no funcionar\u00edan sin ellas (por ejemplo, la funci\u00f3n de cesta de la compra o la visualizaci\u00f3n de v\u00eddeos). Otras cookies pueden utilizarse para analizar el comportamiento de los usuarios o con fines publicitarios.  <\/p><p>Las cookies que son necesarias para llevar a cabo el proceso de comunicaci\u00f3n electr\u00f3nica, para proporcionar ciertas funciones que usted ha solicitado (por ejemplo, para la funci\u00f3n de cesta de la compra) o para optimizar el sitio web (por ejemplo, cookies para medir la audiencia de la web) (cookies necesarias) se almacenan sobre la base del Art. 6 para. 1 lit. f GDPR, a menos que se especifique otra base legal. El operador del sitio web tiene un inter\u00e9s leg\u00edtimo en el almacenamiento de las cookies necesarias para la prestaci\u00f3n t\u00e9cnicamente sin errores y optimizada de sus servicios. Si se ha solicitado el consentimiento para el almacenamiento de cookies y tecnolog\u00edas de reconocimiento comparables, el procesamiento se lleva a cabo exclusivamente sobre la base de este consentimiento (Art. 6 p\u00e1rr. 1 lit. a GDPR y \u00a7 25 p\u00e1rr. 1 TDDDG); el consentimiento puede revocarse en cualquier momento.    <\/p><p>Puede configurar su navegador para que le informe sobre la instalaci\u00f3n de cookies y permitirlas s\u00f3lo en casos individuales, excluir la aceptaci\u00f3n de cookies para determinados casos o en general y activar la eliminaci\u00f3n autom\u00e1tica de cookies al cerrar el navegador. Si se desactivan las cookies, la funcionalidad de este sitio web puede verse restringida. <\/p><p>Puede consultar qu\u00e9 cookies y servicios se utilizan en este sitio web en esta pol\u00edtica de privacidad.<\/p><h3>4.2. Formulario de contacto<\/h3><p>Si nos env\u00eda consultas a trav\u00e9s del formulario de contacto, sus datos del formulario de consulta, incluidos los datos de contacto que nos facilite all\u00ed, ser\u00e1n almacenados por nosotros con el fin de procesar la consulta y en caso de preguntas de seguimiento. No transmitiremos estos datos sin su consentimiento. <\/p><p>Estos datos se procesan sobre la base del Art. 6 p\u00e1rr. 1 lit. b GDPR si su consulta est\u00e1 relacionada con el cumplimiento de un contrato o es necesaria para la aplicaci\u00f3n de medidas precontractuales. En todos los dem\u00e1s casos, el tratamiento se basa en nuestro inter\u00e9s leg\u00edtimo en la tramitaci\u00f3n efectiva de las consultas que se nos dirigen (Art. 6 p\u00e1rr. 1 lit. f GDPR) o en su consentimiento (Art. 6 p\u00e1rr. 1 lit. a GDPR) si \u00e9ste ha sido solicitado; el consentimiento puede ser revocado en cualquier momento.   <\/p><p>Conservaremos los datos que nos facilite en el formulario de contacto hasta que solicite su supresi\u00f3n, revoque su consentimiento para su almacenamiento o el prop\u00f3sito de su almacenamiento deje de ser pertinente (por ejemplo, despu\u00e9s de satisfacer su solicitud). Las disposiciones legales obligatorias -en particular los periodos de conservaci\u00f3n- no se ver\u00e1n afectadas. <\/p><h3>4.3. Consulta por correo electr\u00f3nico, tel\u00e9fono o fax<\/h3><p>Si se pone en contacto con nosotros por correo electr\u00f3nico, tel\u00e9fono o fax, su consulta, incluidos todos sus datos personales (nombre, consulta), ser\u00e1 almacenada y procesada por nosotros con el fin de tramitar su solicitud. No transmitiremos estos datos sin su consentimiento. <\/p><p>Estos datos se procesan sobre la base del Art. 6 p\u00e1rr. 1 lit. b GDPR si su consulta est\u00e1 relacionada con el cumplimiento de un contrato o es necesaria para la aplicaci\u00f3n de medidas precontractuales. En todos los dem\u00e1s casos, el tratamiento se basa en nuestro inter\u00e9s leg\u00edtimo en la tramitaci\u00f3n efectiva de las consultas que se nos dirigen (Art. 6 p\u00e1rr. 1 lit. f GDPR) o en su consentimiento (Art. 6 p\u00e1rr. 1 lit. a GDPR) si \u00e9ste ha sido solicitado; el consentimiento puede ser revocado en cualquier momento.   <\/p><p>Los datos que nos env\u00ede a trav\u00e9s de las solicitudes de contacto permanecer\u00e1n con nosotros hasta que nos pida que los eliminemos, revoque su consentimiento para el almacenamiento o deje de aplicarse el prop\u00f3sito para el almacenamiento de datos (por ejemplo, despu\u00e9s de que se haya procesado su solicitud). Las disposiciones legales obligatorias -en particular los periodos de conservaci\u00f3n legales- no se ver\u00e1n afectadas. <\/p><h2>  5. plugins y herramientas<\/h2><h3>5.1. Google Fonts (alojamiento local)<\/h3><p>Este sitio utiliza las llamadas Google Fonts, proporcionadas por Google, para la visualizaci\u00f3n estandarizada de fuentes. Las fuentes de Google se instalan localmente. No hay conexi\u00f3n con los servidores de Google.  <\/p><p>Encontrar\u00e1 m\u00e1s informaci\u00f3n sobre Google Fonts en <a href=\"https:\/\/developers.google.com\/fonts\/faq\" target=\"_blank\" rel=\"noopener\">https:\/\/developers.google.com\/fonts\/faq<\/a> y en la pol\u00edtica de privacidad de Google: <a href=\"https:\/\/policies.google.com\/privacy?hl=de.\" target=\"_blank\" rel=\"noopener\">https:\/\/policies.google.com\/privacy?hl=de.<\/a><\/p><h3>5.2. Galleta Borlabs<\/h3><p>Uso de la herramienta de consentimiento \u00abBorlabs Cookie<\/p><p>Nuestro sitio web utiliza la herramienta de consentimiento de cookies \u00abBorlabs Cookie\u00bb, que establece una cookie t\u00e9cnicamente necesaria para guardar su consentimiento de cookies. El proveedor de esta herramienta es Borlabs GmbH, R\u00fcbenkamp 32, 22305 Hamburgo, Alemania. <\/p><p>La cookie \u00abborlabs-cookie\u00bb almacena el consentimiento que usted dio al entrar en la p\u00e1gina web. Si desea revocar este consentimiento, simplemente borre la cookie de su navegador. Cuando vuelva a cargar el sitio web, se le pedir\u00e1 de nuevo su consentimiento para la cookie.  <\/p><p>Base jur\u00eddica: Art. 6 p\u00e1rr. 1 lit. c GDPR (obligaci\u00f3n legal) y Art. 6 p\u00e1rr. 1 lit. f GDPR (inter\u00e9s leg\u00edtimo en la gesti\u00f3n del consentimiento legalmente seguro).    <\/p><p> <\/p><h2>6. m\u00e1s informaci\u00f3n sobre el tratamiento de datos<\/h2><h3>6.1. Tratamiento de los datos de los solicitantes<\/h3><p>Si nos env\u00eda una solicitud (por ejemplo, por correo electr\u00f3nico o a trav\u00e9s de un formulario en l\u00ednea), procesamos sus datos personales asociados para llevar a cabo el proceso de solicitud.<\/p><p>En caso de que la solicitud sea aceptada, los datos transmitidos se almacenar\u00e1n con el fin de establecer la relaci\u00f3n laboral. Si no se establece ninguna relaci\u00f3n laboral, eliminaremos sus datos a m\u00e1s tardar 6 meses despu\u00e9s de la finalizaci\u00f3n del procedimiento, a menos que exista una obligaci\u00f3n legal de conservaci\u00f3n en sentido contrario o usted haya consentido expresamente un almacenamiento m\u00e1s prolongado. <\/p><p>Base jur\u00eddica: \u00a7 26 BDSG, Art. 6 p\u00e1rr. 1 lit. b GDPR, si procede Art. 6 p\u00e1rr. 1 lit. a GDPR para informaci\u00f3n voluntaria.    <\/p><h3>6.2. Uso de im\u00e1genes con licencia<\/h3><p>Algunas de las im\u00e1genes y gr\u00e1ficos utilizados en este sitio web proceden de bases de datos de im\u00e1genes sujetas a pago (por ejemplo, Envato Elements). Los derechos de uso han sido debidamente adquiridos de acuerdo con las respectivas condiciones de licencia y son v\u00e1lidos para su uso en este sitio web. <\/p>\t\t\t\t\t\t\t\t<\/div>\n\t\t\t\t<\/div>\n\t\t\t\t<\/div>\n\t\t\t\t\t<\/div>\n\t\t\t\t<\/div>\n\t\t\t\t<\/div>\n\t\t","protected":false},"excerpt":{"rendered":"<p>Protecci\u00f3n de datos 1. la protecci\u00f3n de datos de un vistazo 1.1. Informaci\u00f3n general La siguiente informaci\u00f3n ofrece una visi\u00f3n sencilla de lo que ocurre con sus datos personales cuando visita este sitio web. Por datos personales se entiende cualquier dato que pueda utilizarse para identificarle personalmente. Encontrar\u00e1 informaci\u00f3n detallada sobre el tema de la [&hellip;]<\/p>\n","protected":false},"author":1,"featured_media":0,"parent":0,"menu_order":0,"comment_status":"closed","ping_status":"closed","template":"","meta":{"footnotes":""},"class_list":["post-4310","page","type-page","status-publish","hentry"],"_links":{"self":[{"href":"https:\/\/kib-gmbh.de\/es\/wp-json\/wp\/v2\/pages\/4310","targetHints":{"allow":["GET"]}}],"collection":[{"href":"https:\/\/kib-gmbh.de\/es\/wp-json\/wp\/v2\/pages"}],"about":[{"href":"https:\/\/kib-gmbh.de\/es\/wp-json\/wp\/v2\/types\/page"}],"author":[{"embeddable":true,"href":"https:\/\/kib-gmbh.de\/es\/wp-json\/wp\/v2\/users\/1"}],"replies":[{"embeddable":true,"href":"https:\/\/kib-gmbh.de\/es\/wp-json\/wp\/v2\/comments?post=4310"}],"version-history":[{"count":3,"href":"https:\/\/kib-gmbh.de\/es\/wp-json\/wp\/v2\/pages\/4310\/revisions"}],"predecessor-version":[{"id":4649,"href":"https:\/\/kib-gmbh.de\/es\/wp-json\/wp\/v2\/pages\/4310\/revisions\/4649"}],"wp:attachment":[{"href":"https:\/\/kib-gmbh.de\/es\/wp-json\/wp\/v2\/media?parent=4310"}],"curies":[{"name":"wp","href":"https:\/\/api.w.org\/{rel}","templated":true}]}}