{"id":4292,"date":"2025-03-19T14:55:21","date_gmt":"2025-03-19T13:55:21","guid":{"rendered":"https:\/\/kib-gmbh.de\/documentacion\/"},"modified":"2025-10-20T21:52:26","modified_gmt":"2025-10-20T20:52:26","slug":"documentacion","status":"publish","type":"page","link":"https:\/\/kib-gmbh.de\/es\/experiencia\/documentacion\/","title":{"rendered":"Documentaci\u00f3n"},"content":{"rendered":"\t\t<div data-elementor-type=\"wp-page\" data-elementor-id=\"4292\" class=\"elementor elementor-4292 elementor-2930\" data-elementor-post-type=\"page\">\n\t\t\t\t<div class=\"elementor-element elementor-element-13f65ce e-flex e-con-boxed elementor-invisible e-con e-parent\" data-id=\"13f65ce\" data-element_type=\"container\" data-e-type=\"container\" data-settings=\"{&quot;background_background&quot;:&quot;classic&quot;,&quot;animation&quot;:&quot;fadeIn&quot;}\">\n\t\t\t\t\t<div class=\"e-con-inner\">\n\t\t\t\t<div class=\"elementor-element elementor-element-cca6c33 elementor-widget elementor-widget-heading\" data-id=\"cca6c33\" data-element_type=\"widget\" data-e-type=\"widget\" data-widget_type=\"heading.default\">\n\t\t\t\t<div class=\"elementor-widget-container\">\n\t\t\t\t\t<h1 class=\"elementor-heading-title elementor-size-default\">Documentaci\u00f3n<\/h1>\t\t\t\t<\/div>\n\t\t\t\t<\/div>\n\t\t\t\t\t<\/div>\n\t\t\t\t<\/div>\n\t\t<div class=\"elementor-element elementor-element-46c16dd e-flex e-con-boxed e-con e-parent\" data-id=\"46c16dd\" data-element_type=\"container\" data-e-type=\"container\" data-settings=\"{&quot;background_background&quot;:&quot;classic&quot;}\">\n\t\t\t\t\t<div class=\"e-con-inner\">\n\t\t<div class=\"elementor-element elementor-element-36fad42 e-con-full e-flex elementor-invisible e-con e-child\" data-id=\"36fad42\" data-element_type=\"container\" data-e-type=\"container\" data-settings=\"{&quot;animation&quot;:&quot;fadeIn&quot;,&quot;animation_delay&quot;:500,&quot;background_background&quot;:&quot;classic&quot;}\">\n\t\t\t\t<div class=\"elementor-element elementor-element-93d56fc elementor-widget elementor-widget-heading\" data-id=\"93d56fc\" data-element_type=\"widget\" data-e-type=\"widget\" data-widget_type=\"heading.default\">\n\t\t\t\t<div class=\"elementor-widget-container\">\n\t\t\t\t\t<div class=\"elementor-heading-title elementor-size-default\">Nuestras competencias<\/div>\t\t\t\t<\/div>\n\t\t\t\t<\/div>\n\t\t\t\t<div class=\"elementor-element elementor-element-f2f49aa elementor-widget__width-inherit elementor-widget elementor-widget-heading\" data-id=\"f2f49aa\" data-element_type=\"widget\" data-e-type=\"widget\" data-widget_type=\"heading.default\">\n\t\t\t\t<div class=\"elementor-widget-container\">\n\t\t\t\t\t<div class=\"elementor-heading-title elementor-size-default\">La documentaci\u00f3n de la planificaci\u00f3n como clave de la eficacia<\/div>\t\t\t\t<\/div>\n\t\t\t\t<\/div>\n\t\t\t\t<div class=\"elementor-element elementor-element-45effa4 elementor-widget__width-initial elementor-widget-mobile__width-inherit elementor-widget elementor-widget-text-editor\" data-id=\"45effa4\" data-element_type=\"widget\" data-e-type=\"widget\" data-widget_type=\"text-editor.default\">\n\t\t\t\t<div class=\"elementor-widget-container\">\n\t\t\t\t\t\t\t\t\t<p>Creamos para nuestros clientes la documentaci\u00f3n de planificaci\u00f3n para la adquisici\u00f3n eficaz de materiales, la licitaci\u00f3n, la preparaci\u00f3n del montaje, la prefabricaci\u00f3n, la realizaci\u00f3n de la obra y la documentaci\u00f3n final.<\/p>\t\t\t\t\t\t\t\t<\/div>\n\t\t\t\t<\/div>\n\t\t\t\t<div class=\"elementor-element elementor-element-c8a216f elementor-widget elementor-widget-button\" data-id=\"c8a216f\" data-element_type=\"widget\" data-e-type=\"widget\" data-widget_type=\"button.default\">\n\t\t\t\t<div class=\"elementor-widget-container\">\n\t\t\t\t\t\t\t\t\t<div class=\"elementor-button-wrapper\">\n\t\t\t\t\t<a class=\"elementor-button elementor-button-link elementor-size-sm\" href=\"https:\/\/kib-gmbh.de\/es\/contacte-con-nosotros\/\">\n\t\t\t\t\t\t<span class=\"elementor-button-content-wrapper\">\n\t\t\t\t\t\t\t\t\t<span class=\"elementor-button-text\">Solicitar un proyecto<\/span>\n\t\t\t\t\t<\/span>\n\t\t\t\t\t<\/a>\n\t\t\t\t<\/div>\n\t\t\t\t\t\t\t\t<\/div>\n\t\t\t\t<\/div>\n\t\t\t\t<\/div>\n\t\t<div class=\"elementor-element elementor-element-b5ce727 e-con-full e-flex e-con e-child\" data-id=\"b5ce727\" data-element_type=\"container\" data-e-type=\"container\" data-settings=\"{&quot;background_background&quot;:&quot;classic&quot;}\">\n\t\t\t\t<\/div>\n\t\t\t\t\t<\/div>\n\t\t\t\t<\/div>\n\t\t<div class=\"elementor-element elementor-element-de3d076 e-flex e-con-boxed e-con e-parent\" data-id=\"de3d076\" data-element_type=\"container\" data-e-type=\"container\" data-settings=\"{&quot;background_background&quot;:&quot;classic&quot;,&quot;animation&quot;:&quot;none&quot;}\">\n\t\t\t\t\t<div class=\"e-con-inner\">\n\t\t\t\t<div class=\"elementor-element elementor-element-c268d11 elementor-invisible elementor-widget elementor-widget-heading\" data-id=\"c268d11\" data-element_type=\"widget\" data-e-type=\"widget\" data-settings=\"{&quot;_animation&quot;:&quot;fadeIn&quot;}\" data-widget_type=\"heading.default\">\n\t\t\t\t<div class=\"elementor-widget-container\">\n\t\t\t\t\t<h2 class=\"elementor-heading-title elementor-size-default\">Nuestros servicios de documentaci\u00f3n para usted<\/h2>\t\t\t\t<\/div>\n\t\t\t\t<\/div>\n\t\t<div class=\"elementor-element elementor-element-3760545 e-con-full e-flex e-con e-child\" data-id=\"3760545\" data-element_type=\"container\" data-e-type=\"container\">\n\t\t<div class=\"elementor-element elementor-element-189f663 e-con-full e-flex e-con e-child\" data-id=\"189f663\" data-element_type=\"container\" data-e-type=\"container\" data-settings=\"{&quot;background_background&quot;:&quot;classic&quot;}\">\n\t\t\t\t<div class=\"elementor-element elementor-element-a8b6ffd elementor-widget elementor-widget-icon-box\" data-id=\"a8b6ffd\" data-element_type=\"widget\" data-e-type=\"widget\" data-widget_type=\"icon-box.default\">\n\t\t\t\t<div class=\"elementor-widget-container\">\n\t\t\t\t\t\t\t<div class=\"elementor-icon-box-wrapper\">\n\n\t\t\t\n\t\t\t\t\t\t<div class=\"elementor-icon-box-content\">\n\n\t\t\t\t\t\t\t\t\t<h3 class=\"elementor-icon-box-title\">\n\t\t\t\t\t\t<span  >\n\t\t\t\t\t\t\tDocumentaci\u00f3n de planificaci\u00f3n general\t\t\t\t\t\t<\/span>\n\t\t\t\t\t<\/h3>\n\t\t\t\t\n\t\t\t\t\t\t\t\t\t<p class=\"elementor-icon-box-description\">\n\t\t\t\t\t\tLos ingenieros de KIB garantizan una documentaci\u00f3n completa y precisa para todas las fases de planificaci\u00f3n y c\u00e1lculo. Gracias a nuestra amplia experiencia, utilizamos soluciones de software basadas en bases de datos para crear documentos profesionales y conformes a las normas que garantizan la m\u00e1xima transparencia, trazabilidad y calidad: \n\n\n\n\n\n\t\t\t\t\t<\/p>\n\t\t\t\t\n\t\t\t<\/div>\n\t\t\t\n\t\t<\/div>\n\t\t\t\t\t\t<\/div>\n\t\t\t\t<\/div>\n\t\t\t\t<div class=\"elementor-element elementor-element-e50f94a elementor-widget__width-initial elementor-widget elementor-widget-icon-box\" data-id=\"e50f94a\" data-element_type=\"widget\" data-e-type=\"widget\" data-widget_type=\"icon-box.default\">\n\t\t\t\t<div class=\"elementor-widget-container\">\n\t\t\t\t\t\t\t<div class=\"elementor-icon-box-wrapper\">\n\n\t\t\t\n\t\t\t\t\t\t<div class=\"elementor-icon-box-content\">\n\n\t\t\t\t\t\t\t\t\t<h3 class=\"elementor-icon-box-title\">\n\t\t\t\t\t\t<span  >\n\t\t\t\t\t\t\tCreaci\u00f3n de planes\t\t\t\t\t\t<\/span>\n\t\t\t\t\t<\/h3>\n\t\t\t\t\n\t\t\t\t\t\t\t\t\t<p class=\"elementor-icon-box-description\">\n\t\t\t\t\t\tComo resultado de la planificaci\u00f3n del trazado y de la posterior planificaci\u00f3n detallada, se crean planos de trazado detallados para la planificaci\u00f3n de la construcci\u00f3n y la instalaci\u00f3n.\n\nPara evitar la perforaci\u00f3n posterior de n\u00facleos, se crean planos de avance para las rutas de las tuber\u00edas.\n\t\t\t\t\t<\/p>\n\t\t\t\t\n\t\t\t<\/div>\n\t\t\t\n\t\t<\/div>\n\t\t\t\t\t\t<\/div>\n\t\t\t\t<\/div>\n\t\t\t\t<div class=\"elementor-element elementor-element-033ca09 elementor-widget__width-initial elementor-widget elementor-widget-icon-box\" data-id=\"033ca09\" data-element_type=\"widget\" data-e-type=\"widget\" data-widget_type=\"icon-box.default\">\n\t\t\t\t<div class=\"elementor-widget-container\">\n\t\t\t\t\t\t\t<div class=\"elementor-icon-box-wrapper\">\n\n\t\t\t\n\t\t\t\t\t\t<div class=\"elementor-icon-box-content\">\n\n\t\t\t\t\t\t\t\t\t<h3 class=\"elementor-icon-box-title\">\n\t\t\t\t\t\t<span  >\n\t\t\t\t\t\t\tCreaci\u00f3n de isometr\u00edas\t\t\t\t\t\t<\/span>\n\t\t\t\t\t<\/h3>\n\t\t\t\t\n\t\t\t\t\t\t\t\t\t<p class=\"elementor-icon-box-description\">\n\t\t\t\t\t\tLos cosm\u00e9ticos de montaje generados a partir de la planificaci\u00f3n detallada en 3D muestran las posiciones de los soportes, los cordones de soldadura, las listas de piezas, los n\u00fameros de carrete en caso necesario y todos los par\u00e1metros, adem\u00e1s de los recorridos de los tubos.\n\n\n\t\t\t\t\t<\/p>\n\t\t\t\t\n\t\t\t<\/div>\n\t\t\t\n\t\t<\/div>\n\t\t\t\t\t\t<\/div>\n\t\t\t\t<\/div>\n\t\t\t\t<div class=\"elementor-element elementor-element-877ba0c elementor-widget__width-initial elementor-widget elementor-widget-icon-box\" data-id=\"877ba0c\" data-element_type=\"widget\" data-e-type=\"widget\" data-widget_type=\"icon-box.default\">\n\t\t\t\t<div class=\"elementor-widget-container\">\n\t\t\t\t\t\t\t<div class=\"elementor-icon-box-wrapper\">\n\n\t\t\t\n\t\t\t\t\t\t<div class=\"elementor-icon-box-content\">\n\n\t\t\t\t\t\t\t\t\t<h3 class=\"elementor-icon-box-title\">\n\t\t\t\t\t\t<span  >\n\t\t\t\t\t\t\tVistas isom\u00e9tricas del sistema  \t\t\t\t\t\t<\/span>\n\t\t\t\t\t<\/h3>\n\t\t\t\t\n\t\t\t\t\t\t\t\t\t<p class=\"elementor-icon-box-description\">\n\t\t\t\t\t\tSuministramos vistas isom\u00e9tricas del sistema para la visualizaci\u00f3n sencilla de tramos de tuber\u00eda y la representaci\u00f3n de la estructura de acero de soporte en el tramo de tuber\u00eda y la disposici\u00f3n de las unidades.  \t\t\t\t\t<\/p>\n\t\t\t\t\n\t\t\t<\/div>\n\t\t\t\n\t\t<\/div>\n\t\t\t\t\t\t<\/div>\n\t\t\t\t<\/div>\n\t\t\t\t<div class=\"elementor-element elementor-element-6bf1ebd elementor-widget__width-initial elementor-widget elementor-widget-icon-box\" data-id=\"6bf1ebd\" data-element_type=\"widget\" data-e-type=\"widget\" data-widget_type=\"icon-box.default\">\n\t\t\t\t<div class=\"elementor-widget-container\">\n\t\t\t\t\t\t\t<div class=\"elementor-icon-box-wrapper\">\n\n\t\t\t\n\t\t\t\t\t\t<div class=\"elementor-icon-box-content\">\n\n\t\t\t\t\t\t\t\t\t<h3 class=\"elementor-icon-box-title\">\n\t\t\t\t\t\t<span  >\n\t\t\t\t\t\t\tPlanos de producci\u00f3n de construcciones met\u00e1licas\t\t\t\t\t\t<\/span>\n\t\t\t\t\t<\/h3>\n\t\t\t\t\n\t\t\t\t\t\t\t\t\t<p class=\"elementor-icon-box-description\">\n\t\t\t\t\t\tCreamos dibujos 2D precisos para la producci\u00f3n de componentes de planta, que contienen toda la informaci\u00f3n necesaria para la producci\u00f3n de\n.\nDibujos espec\u00edficos para todas las estructuras de acero de soporte.\n\t\t\t\t\t<\/p>\n\t\t\t\t\n\t\t\t<\/div>\n\t\t\t\n\t\t<\/div>\n\t\t\t\t\t\t<\/div>\n\t\t\t\t<\/div>\n\t\t\t\t<div class=\"elementor-element elementor-element-84a25ed elementor-widget__width-initial elementor-widget elementor-widget-icon-box\" data-id=\"84a25ed\" data-element_type=\"widget\" data-e-type=\"widget\" data-widget_type=\"icon-box.default\">\n\t\t\t\t<div class=\"elementor-widget-container\">\n\t\t\t\t\t\t\t<div class=\"elementor-icon-box-wrapper\">\n\n\t\t\t\n\t\t\t\t\t\t<div class=\"elementor-icon-box-content\">\n\n\t\t\t\t\t\t\t\t\t<h3 class=\"elementor-icon-box-title\">\n\t\t\t\t\t\t<span  >\n\t\t\t\t\t\t\tPlanos de componentes especiales\t\t\t\t\t\t<\/span>\n\t\t\t\t\t<\/h3>\n\t\t\t\t\n\t\t\t\t\t\t\t\t\t<p class=\"elementor-icon-box-description\">\n\t\t\t\t\t\tEn casos excepcionales, se utilizan componentes especiales para esfuerzos o requisitos especiales. Creamos planos de producci\u00f3n para estos componentes \n\t\t\t\t\t<\/p>\n\t\t\t\t\n\t\t\t<\/div>\n\t\t\t\n\t\t<\/div>\n\t\t\t\t\t\t<\/div>\n\t\t\t\t<\/div>\n\t\t\t\t<\/div>\n\t\t<div class=\"elementor-element elementor-element-c2bf749 e-con-full e-flex e-con e-child\" data-id=\"c2bf749\" data-element_type=\"container\" data-e-type=\"container\" data-settings=\"{&quot;background_background&quot;:&quot;classic&quot;}\">\n\t\t\t\t<div class=\"elementor-element elementor-element-f774f3b elementor-widget__width-initial elementor-widget elementor-widget-icon-box\" data-id=\"f774f3b\" data-element_type=\"widget\" data-e-type=\"widget\" data-widget_type=\"icon-box.default\">\n\t\t\t\t<div class=\"elementor-widget-container\">\n\t\t\t\t\t\t\t<div class=\"elementor-icon-box-wrapper\">\n\n\t\t\t\n\t\t\t\t\t\t<div class=\"elementor-icon-box-content\">\n\n\t\t\t\t\t\t\t\t\t<h3 class=\"elementor-icon-box-title\">\n\t\t\t\t\t\t<span  >\n\t\t\t\t\t\t\tSistema de listas\t\t\t\t\t\t<\/span>\n\t\t\t\t\t<\/h3>\n\t\t\t\t\n\t\t\t\t\t\t\t\t\t<p class=\"elementor-icon-box-description\">\n\t\t\t\t\t\tUn sistema de listas profesional es esencial para un proceso de planificaci\u00f3n bien estructurado y transparente. El uso de soluciones de software basadas en bases de datos nos permite ofrecer una gesti\u00f3n de listas actualizada y precisa y facilita un flujo de trabajo eficaz en los proyectos. Permite una sincronizaci\u00f3n constante entre las bases de datos y la gesti\u00f3n de listas y, por tanto, una gran disponibilidad de informaci\u00f3n sobre el progreso y la capacidad de los pedidos.  \t\t\t\t\t<\/p>\n\t\t\t\t\n\t\t\t<\/div>\n\t\t\t\n\t\t<\/div>\n\t\t\t\t\t\t<\/div>\n\t\t\t\t<\/div>\n\t\t\t\t<div class=\"elementor-element elementor-element-b402ff0 elementor-widget__width-initial elementor-widget elementor-widget-icon-box\" data-id=\"b402ff0\" data-element_type=\"widget\" data-e-type=\"widget\" data-widget_type=\"icon-box.default\">\n\t\t\t\t<div class=\"elementor-widget-container\">\n\t\t\t\t\t\t\t<div class=\"elementor-icon-box-wrapper\">\n\n\t\t\t\n\t\t\t\t\t\t<div class=\"elementor-icon-box-content\">\n\n\t\t\t\t\t\t\t\t\t<h3 class=\"elementor-icon-box-title\">\n\t\t\t\t\t\t<span  >\n\t\t\t\t\t\t\tListas de organizaci\u00f3n\t\t\t\t\t\t<\/span>\n\t\t\t\t\t<\/h3>\n\t\t\t\t\n\t\t\t\t\t\t\t\t\t<p class=\"elementor-icon-box-description\">\n\t\t\t\t\t\tLas siguientes listas contienen todos los datos t\u00e9cnicos necesarios para la planificaci\u00f3n y el c\u00e1lculo <br> Listas de tuber\u00edas<br>-listas de soportes<br>-listas de accesorios<br>-listas de equipos <br>-listas de puntos de medici\u00f3n <br>-listas de interfaces <br>-listas de introducci\u00f3n de cargas <br>-listas de documentos  \n\n\n\t\t\t\t\t<\/p>\n\t\t\t\t\n\t\t\t<\/div>\n\t\t\t\n\t\t<\/div>\n\t\t\t\t\t\t<\/div>\n\t\t\t\t<\/div>\n\t\t\t\t<div class=\"elementor-element elementor-element-c969611 elementor-widget__width-initial elementor-widget-laptop__width-initial elementor-widget elementor-widget-icon-box\" data-id=\"c969611\" data-element_type=\"widget\" data-e-type=\"widget\" data-widget_type=\"icon-box.default\">\n\t\t\t\t<div class=\"elementor-widget-container\">\n\t\t\t\t\t\t\t<div class=\"elementor-icon-box-wrapper\">\n\n\t\t\t\n\t\t\t\t\t\t<div class=\"elementor-icon-box-content\">\n\n\t\t\t\t\t\t\t\t\t<h3 class=\"elementor-icon-box-title\">\n\t\t\t\t\t\t<span  >\n\t\t\t\t\t\t\tListas de pedidos  \t\t\t\t\t\t<\/span>\n\t\t\t\t\t<\/h3>\n\t\t\t\t\n\t\t\t\t\t\t\t\t\t<p class=\"elementor-icon-box-description\">\n\t\t\t\t\t\tPara garantizar un proceso de adquisici\u00f3n y licitaci\u00f3n fiable y permanente, se generan las siguientes listas a partir de las bases de datos:<br> - Listas de piezas<br> - Listas de tuber\u00edas<br> - Envolventes de tuber\u00edas <br> - Soportes<br> - Listas de piezas de construcciones met\u00e1licas <br> - Listas de piezas de componentes modulares <br> - Listas de cordones de soldadura  <br>\n\n\t\t\t\t\t<\/p>\n\t\t\t\t\n\t\t\t<\/div>\n\t\t\t\n\t\t<\/div>\n\t\t\t\t\t\t<\/div>\n\t\t\t\t<\/div>\n\t\t\t\t<div class=\"elementor-element elementor-element-4466467 elementor-widget__width-initial elementor-widget elementor-widget-icon-box\" data-id=\"4466467\" data-element_type=\"widget\" data-e-type=\"widget\" data-widget_type=\"icon-box.default\">\n\t\t\t\t<div class=\"elementor-widget-container\">\n\t\t\t\t\t\t\t<div class=\"elementor-icon-box-wrapper\">\n\n\t\t\t\n\t\t\t\t\t\t<div class=\"elementor-icon-box-content\">\n\n\t\t\t\t\t\t\t\t\t<h3 class=\"elementor-icon-box-title\">\n\t\t\t\t\t\t<span  >\n\t\t\t\t\t\t\tDocumentaci\u00f3n as-built\t\t\t\t\t\t<\/span>\n\t\t\t\t\t<\/h3>\n\t\t\t\t\n\t\t\t\t\t\t\t\t\t<p class=\"elementor-icon-box-description\">\n\t\t\t\t\t\tUna vez finalizado el proyecto, creamos la documentaci\u00f3n as-built, que registra detalladamente todos los cambios y ajustes\ndurante la fase de construcci\u00f3n.  \t\t\t\t\t<\/p>\n\t\t\t\t\n\t\t\t<\/div>\n\t\t\t\n\t\t<\/div>\n\t\t\t\t\t\t<\/div>\n\t\t\t\t<\/div>\n\t\t\t\t<\/div>\n\t\t\t\t<\/div>\n\t\t\t\t\t<\/div>\n\t\t\t\t<\/div>\n\t\t\t\t<\/div>\n\t\t","protected":false},"excerpt":{"rendered":"<p>Documentaci\u00f3n Nuestras competencias La documentaci\u00f3n de la planificaci\u00f3n como clave de la eficacia Creamos para nuestros clientes la documentaci\u00f3n de planificaci\u00f3n para la adquisici\u00f3n eficaz de materiales, la licitaci\u00f3n, la preparaci\u00f3n del montaje, la prefabricaci\u00f3n, la realizaci\u00f3n de la obra y la documentaci\u00f3n final. Solicitar un proyecto Nuestros servicios de documentaci\u00f3n para usted Documentaci\u00f3n de [&hellip;]<\/p>\n","protected":false},"author":1,"featured_media":0,"parent":4285,"menu_order":0,"comment_status":"closed","ping_status":"closed","template":"","meta":{"footnotes":""},"class_list":["post-4292","page","type-page","status-publish","hentry"],"_links":{"self":[{"href":"https:\/\/kib-gmbh.de\/es\/wp-json\/wp\/v2\/pages\/4292","targetHints":{"allow":["GET"]}}],"collection":[{"href":"https:\/\/kib-gmbh.de\/es\/wp-json\/wp\/v2\/pages"}],"about":[{"href":"https:\/\/kib-gmbh.de\/es\/wp-json\/wp\/v2\/types\/page"}],"author":[{"embeddable":true,"href":"https:\/\/kib-gmbh.de\/es\/wp-json\/wp\/v2\/users\/1"}],"replies":[{"embeddable":true,"href":"https:\/\/kib-gmbh.de\/es\/wp-json\/wp\/v2\/comments?post=4292"}],"version-history":[{"count":3,"href":"https:\/\/kib-gmbh.de\/es\/wp-json\/wp\/v2\/pages\/4292\/revisions"}],"predecessor-version":[{"id":4874,"href":"https:\/\/kib-gmbh.de\/es\/wp-json\/wp\/v2\/pages\/4292\/revisions\/4874"}],"up":[{"embeddable":true,"href":"https:\/\/kib-gmbh.de\/es\/wp-json\/wp\/v2\/pages\/4285"}],"wp:attachment":[{"href":"https:\/\/kib-gmbh.de\/es\/wp-json\/wp\/v2\/media?parent=4292"}],"curies":[{"name":"wp","href":"https:\/\/api.w.org\/{rel}","templated":true}]}}