{"id":4281,"date":"2024-10-11T07:31:39","date_gmt":"2024-10-11T06:31:39","guid":{"rendered":"https:\/\/kib-gmbh.de\/planificacion\/"},"modified":"2025-07-18T11:22:49","modified_gmt":"2025-07-18T10:22:49","slug":"planificacion","status":"publish","type":"page","link":"https:\/\/kib-gmbh.de\/es\/experiencia\/planificacion\/","title":{"rendered":"Planificaci\u00f3n"},"content":{"rendered":"\t\t<div data-elementor-type=\"wp-page\" data-elementor-id=\"4281\" class=\"elementor elementor-4281 elementor-1690\" data-elementor-post-type=\"page\">\n\t\t\t\t<div class=\"elementor-element elementor-element-5330692 e-flex e-con-boxed elementor-invisible e-con e-parent\" data-id=\"5330692\" data-element_type=\"container\" data-e-type=\"container\" data-settings=\"{&quot;background_background&quot;:&quot;classic&quot;,&quot;animation&quot;:&quot;fadeIn&quot;}\">\n\t\t\t\t\t<div class=\"e-con-inner\">\n\t\t\t\t<div class=\"elementor-element elementor-element-a6b4172 elementor-widget elementor-widget-heading\" data-id=\"a6b4172\" data-element_type=\"widget\" data-e-type=\"widget\" data-widget_type=\"heading.default\">\n\t\t\t\t<div class=\"elementor-widget-container\">\n\t\t\t\t\t<h1 class=\"elementor-heading-title elementor-size-default\">Planificaci\u00f3n innovadora<\/h1>\t\t\t\t<\/div>\n\t\t\t\t<\/div>\n\t\t\t\t\t<\/div>\n\t\t\t\t<\/div>\n\t\t<div class=\"elementor-element elementor-element-fb3df61 e-flex e-con-boxed e-con e-parent\" data-id=\"fb3df61\" data-element_type=\"container\" data-e-type=\"container\" data-settings=\"{&quot;background_background&quot;:&quot;classic&quot;}\">\n\t\t\t\t\t<div class=\"e-con-inner\">\n\t\t<div class=\"elementor-element elementor-element-6b68574 e-con-full e-flex elementor-invisible e-con e-child\" data-id=\"6b68574\" data-element_type=\"container\" data-e-type=\"container\" data-settings=\"{&quot;animation&quot;:&quot;fadeIn&quot;,&quot;animation_delay&quot;:500,&quot;background_background&quot;:&quot;classic&quot;}\">\n\t\t\t\t<div class=\"elementor-element elementor-element-b9dfda5 elementor-widget elementor-widget-heading\" data-id=\"b9dfda5\" data-element_type=\"widget\" data-e-type=\"widget\" data-widget_type=\"heading.default\">\n\t\t\t\t<div class=\"elementor-widget-container\">\n\t\t\t\t\t<div class=\"elementor-heading-title elementor-size-default\">Nuestras competencias<\/div>\t\t\t\t<\/div>\n\t\t\t\t<\/div>\n\t\t\t\t<div class=\"elementor-element elementor-element-d9d0681 elementor-widget__width-inherit elementor-widget elementor-widget-heading\" data-id=\"d9d0681\" data-element_type=\"widget\" data-e-type=\"widget\" data-widget_type=\"heading.default\">\n\t\t\t\t<div class=\"elementor-widget-container\">\n\t\t\t\t\t<div class=\"elementor-heading-title elementor-size-default\">Conocimientos modernos de planificaci\u00f3n para sistemas eficientes: del concepto al detalle<\/div>\t\t\t\t<\/div>\n\t\t\t\t<\/div>\n\t\t\t\t<div class=\"elementor-element elementor-element-f0146d2 elementor-widget__width-initial elementor-widget-mobile__width-inherit elementor-widget elementor-widget-text-editor\" data-id=\"f0146d2\" data-element_type=\"widget\" data-e-type=\"widget\" data-widget_type=\"text-editor.default\">\n\t\t\t\t<div class=\"elementor-widget-container\">\n\t\t\t\t\t\t\t\t\t<p>Cubrimos todo el espectro de planificaci\u00f3n de tuber\u00edas y construcciones met\u00e1licas, desde la planificaci\u00f3n b\u00e1sica hasta la detallada para sistemas existentes y nuevos.<\/p><p>Otorgamos el m\u00e1ximo valor al uso de las tecnolog\u00edas m\u00e1s avanzadas. Mediante el uso de software soportado por bases de datos como<strong data-start=\"893\" data-end=\"934\"> E3D y AutoCAD Plant 3D y Bocad <\/strong>, garantizamos la m\u00e1xima fiabilidad en la planificaci\u00f3n y soluciones sencillas de interfaz con otros oficios. El uso interdisciplinar de software de planificaci\u00f3n en 3D permite una planificaci\u00f3n global eficaz y la optimizaci\u00f3n en el montaje.  <\/p>\t\t\t\t\t\t\t\t<\/div>\n\t\t\t\t<\/div>\n\t\t\t\t<div class=\"elementor-element elementor-element-8608855 elementor-widget elementor-widget-button\" data-id=\"8608855\" data-element_type=\"widget\" data-e-type=\"widget\" data-widget_type=\"button.default\">\n\t\t\t\t<div class=\"elementor-widget-container\">\n\t\t\t\t\t\t\t\t\t<div class=\"elementor-button-wrapper\">\n\t\t\t\t\t<a class=\"elementor-button elementor-button-link elementor-size-sm\" href=\"https:\/\/kib-gmbh.de\/es\/contacte-con-nosotros\/\">\n\t\t\t\t\t\t<span class=\"elementor-button-content-wrapper\">\n\t\t\t\t\t\t\t\t\t<span class=\"elementor-button-text\">Solicitar un proyecto<\/span>\n\t\t\t\t\t<\/span>\n\t\t\t\t\t<\/a>\n\t\t\t\t<\/div>\n\t\t\t\t\t\t\t\t<\/div>\n\t\t\t\t<\/div>\n\t\t\t\t<\/div>\n\t\t<div class=\"elementor-element elementor-element-72f2ec0 e-con-full e-flex e-con e-child\" data-id=\"72f2ec0\" data-element_type=\"container\" data-e-type=\"container\" data-settings=\"{&quot;background_background&quot;:&quot;classic&quot;}\">\n\t\t\t\t<\/div>\n\t\t\t\t\t<\/div>\n\t\t\t\t<\/div>\n\t\t<div class=\"elementor-element elementor-element-a4e7464 e-flex e-con-boxed e-con e-parent\" data-id=\"a4e7464\" data-element_type=\"container\" data-e-type=\"container\" data-settings=\"{&quot;background_background&quot;:&quot;classic&quot;,&quot;animation&quot;:&quot;none&quot;}\">\n\t\t\t\t\t<div class=\"e-con-inner\">\n\t\t\t\t<div class=\"elementor-element elementor-element-251d714 elementor-invisible elementor-widget elementor-widget-heading\" data-id=\"251d714\" data-element_type=\"widget\" data-e-type=\"widget\" data-settings=\"{&quot;_animation&quot;:&quot;fadeIn&quot;}\" data-widget_type=\"heading.default\">\n\t\t\t\t<div class=\"elementor-widget-container\">\n\t\t\t\t\t<h2 class=\"elementor-heading-title elementor-size-default\">Nuestros servicios de planificaci\u00f3n para usted<\/h2>\t\t\t\t<\/div>\n\t\t\t\t<\/div>\n\t\t<div class=\"elementor-element elementor-element-be17027 e-con-full e-flex e-con e-child\" data-id=\"be17027\" data-element_type=\"container\" data-e-type=\"container\">\n\t\t<div class=\"elementor-element elementor-element-9c36020 e-con-full e-flex elementor-invisible e-con e-child\" data-id=\"9c36020\" data-element_type=\"container\" data-e-type=\"container\" data-settings=\"{&quot;background_background&quot;:&quot;classic&quot;,&quot;animation&quot;:&quot;zoomIn&quot;}\">\n\t\t\t\t<div class=\"elementor-element elementor-element-edc2499 elementor-widget elementor-widget-icon-box\" data-id=\"edc2499\" data-element_type=\"widget\" data-e-type=\"widget\" data-widget_type=\"icon-box.default\">\n\t\t\t\t<div class=\"elementor-widget-container\">\n\t\t\t\t\t\t\t<div class=\"elementor-icon-box-wrapper\">\n\n\t\t\t\n\t\t\t\t\t\t<div class=\"elementor-icon-box-content\">\n\n\t\t\t\t\t\t\t\t\t<h3 class=\"elementor-icon-box-title\">\n\t\t\t\t\t\t<span  >\n\t\t\t\t\t\t\tPlanificaci\u00f3n conceptual\t\t\t\t\t\t<\/span>\n\t\t\t\t\t<\/h3>\n\t\t\t\t\n\t\t\t\t\t\t\t\t\t<p class=\"elementor-icon-box-description\">\n\t\t\t\t\t\tEn la fase de concepci\u00f3n, desarrollamos la estructura b\u00e1sica de la disposici\u00f3n de las unidades y las principales l\u00edneas de proceso. La atenci\u00f3n se centra aqu\u00ed en el cumplimiento de los requisitos del proceso, la utilizaci\u00f3n \u00f3ptima y la comprobaci\u00f3n de las condiciones del espacio, as\u00ed como la creaci\u00f3n de zonas de montaje y mantenimiento.\t\t\t\t\t<\/p>\n\t\t\t\t\n\t\t\t<\/div>\n\t\t\t\n\t\t<\/div>\n\t\t\t\t\t\t<\/div>\n\t\t\t\t<\/div>\n\t\t\t\t<\/div>\n\t\t<div class=\"elementor-element elementor-element-7ce64a1 e-con-full e-flex elementor-invisible e-con e-child\" data-id=\"7ce64a1\" data-element_type=\"container\" data-e-type=\"container\" data-settings=\"{&quot;background_background&quot;:&quot;classic&quot;,&quot;animation&quot;:&quot;zoomIn&quot;,&quot;animation_delay&quot;:200}\">\n\t\t\t\t<div class=\"elementor-element elementor-element-62baa1e elementor-widget elementor-widget-icon-box\" data-id=\"62baa1e\" data-element_type=\"widget\" data-e-type=\"widget\" data-widget_type=\"icon-box.default\">\n\t\t\t\t<div class=\"elementor-widget-container\">\n\t\t\t\t\t\t\t<div class=\"elementor-icon-box-wrapper\">\n\n\t\t\t\n\t\t\t\t\t\t<div class=\"elementor-icon-box-content\">\n\n\t\t\t\t\t\t\t\t\t<h3 class=\"elementor-icon-box-title\">\n\t\t\t\t\t\t<span  >\n\t\t\t\t\t\t\tPlanificaci\u00f3n de la instalaci\u00f3n\t\t\t\t\t\t<\/span>\n\t\t\t\t\t<\/h3>\n\t\t\t\t\n\t\t\t\t\t\t\t\t\t<p class=\"elementor-icon-box-description\">\n\t\t\t\t\t\tLas ubicaciones de todas las unidades predefinidas se definen con precisi\u00f3n en la planificaci\u00f3n de la instalaci\u00f3n para iniciar la planificaci\u00f3n b\u00e1sica de las tuber\u00edas. definir las especificaciones iniciales para la planificaci\u00f3n de la construcci\u00f3n.\t\t\t\t\t<\/p>\n\t\t\t\t\n\t\t\t<\/div>\n\t\t\t\n\t\t<\/div>\n\t\t\t\t\t\t<\/div>\n\t\t\t\t<\/div>\n\t\t\t\t<\/div>\n\t\t<div class=\"elementor-element elementor-element-3f87753 e-con-full elementor-hidden-tablet elementor-hidden-mobile e-flex elementor-invisible e-con e-child\" data-id=\"3f87753\" data-element_type=\"container\" data-e-type=\"container\" data-settings=\"{&quot;background_background&quot;:&quot;classic&quot;,&quot;animation&quot;:&quot;zoomIn&quot;,&quot;animation_delay&quot;:800}\">\n\t\t\t\t<\/div>\n\t\t<div class=\"elementor-element elementor-element-cfe891a e-con-full e-flex elementor-invisible e-con e-child\" data-id=\"cfe891a\" data-element_type=\"container\" data-e-type=\"container\" data-settings=\"{&quot;background_background&quot;:&quot;classic&quot;,&quot;animation&quot;:&quot;zoomIn&quot;,&quot;animation_delay&quot;:400}\">\n\t\t\t\t<div class=\"elementor-element elementor-element-c8131cc elementor-widget elementor-widget-icon-box\" data-id=\"c8131cc\" data-element_type=\"widget\" data-e-type=\"widget\" data-widget_type=\"icon-box.default\">\n\t\t\t\t<div class=\"elementor-widget-container\">\n\t\t\t\t\t\t\t<div class=\"elementor-icon-box-wrapper\">\n\n\t\t\t\n\t\t\t\t\t\t<div class=\"elementor-icon-box-content\">\n\n\t\t\t\t\t\t\t\t\t<h3 class=\"elementor-icon-box-title\">\n\t\t\t\t\t\t<span  >\n\t\t\t\t\t\t\tPlanificaci\u00f3n b\u00e1sica y detallada  \t\t\t\t\t\t<\/span>\n\t\t\t\t\t<\/h3>\n\t\t\t\t\n\t\t\t\t\t\t\t\t\t<p class=\"elementor-icon-box-description\">\n\t\t\t\t\t\tNuestros servicios de planificaci\u00f3n abarcan todas las fases de planificaci\u00f3n. Desde la planificaci\u00f3n conceptual de la instalaci\u00f3n hasta la planificaci\u00f3n b\u00e1sica y la planificaci\u00f3n detallada lista para la instalaci\u00f3n. Ofrecemos todas las etapas de planificaci\u00f3n individualmente o como un paquete completo. La coherencia de los servicios de planificaci\u00f3n permite una realizaci\u00f3n muy eficaz y evitar al m\u00e1ximo las interfaces para el cliente.   \n\n\n\n\t\t\t\t\t<\/p>\n\t\t\t\t\n\t\t\t<\/div>\n\t\t\t\n\t\t<\/div>\n\t\t\t\t\t\t<\/div>\n\t\t\t\t<\/div>\n\t\t<div class=\"elementor-element elementor-element-ad6a281 e-con-full e-flex e-con e-child\" data-id=\"ad6a281\" data-element_type=\"container\" data-e-type=\"container\">\n\t\t\t\t<div class=\"elementor-element elementor-element-e576f11 elementor-widget__width-initial elementor-widget-laptop__width-initial elementor-widget-tablet__width-initial elementor-widget elementor-widget-icon-box\" data-id=\"e576f11\" data-element_type=\"widget\" data-e-type=\"widget\" data-widget_type=\"icon-box.default\">\n\t\t\t\t<div class=\"elementor-widget-container\">\n\t\t\t\t\t\t\t<div class=\"elementor-icon-box-wrapper\">\n\n\t\t\t\n\t\t\t\t\t\t<div class=\"elementor-icon-box-content\">\n\n\t\t\t\t\t\t\t\t\t<h3 class=\"elementor-icon-box-title\">\n\t\t\t\t\t\t<span  >\n\t\t\t\t\t\t\tPlanificaci\u00f3n de oleoductos\t\t\t\t\t\t<\/span>\n\t\t\t\t\t<\/h3>\n\t\t\t\t\n\t\t\t\t\t\t\t\t\t<p class=\"elementor-icon-box-description\">\n\t\t\t\t\t\tTrazado eficaz de las tuber\u00edas con el fin de optimizar la aplicaci\u00f3n de los requisitos de la ingenier\u00eda de procesos, las opciones de montaje,\ndisposici\u00f3n de los puntos de medici\u00f3n y los accesorios, as\u00ed como la accesibilidad para la inspecci\u00f3n y el mantenimiento durante el funcionamiento.\n\nLa incorporaci\u00f3n detallada de los componentes de cerramiento de las tuber\u00edas en el modelo 3D garantiza un alto nivel de fiabilidad en la planificaci\u00f3n, para su exportaci\u00f3n y comparaci\u00f3n con el c\u00e1lculo y la planificaci\u00f3n\/comparaci\u00f3n con la construcci\u00f3n secundaria de acero.\n\n\t\t\t\t\t<\/p>\n\t\t\t\t\n\t\t\t<\/div>\n\t\t\t\n\t\t<\/div>\n\t\t\t\t\t\t<\/div>\n\t\t\t\t<\/div>\n\t\t\t\t<div class=\"elementor-element elementor-element-8063c58 elementor-widget__width-initial elementor-widget-laptop__width-initial elementor-widget-tablet__width-initial elementor-widget elementor-widget-icon-box\" data-id=\"8063c58\" data-element_type=\"widget\" data-e-type=\"widget\" data-widget_type=\"icon-box.default\">\n\t\t\t\t<div class=\"elementor-widget-container\">\n\t\t\t\t\t\t\t<div class=\"elementor-icon-box-wrapper\">\n\n\t\t\t\n\t\t\t\t\t\t<div class=\"elementor-icon-box-content\">\n\n\t\t\t\t\t\t\t\t\t<h3 class=\"elementor-icon-box-title\">\n\t\t\t\t\t\t<span  >\n\t\t\t\t\t\t\tPlanificaci\u00f3n de construcciones met\u00e1licas\t\t\t\t\t\t<\/span>\n\t\t\t\t\t<\/h3>\n\t\t\t\t\n\t\t\t\t\t\t\t\t\t<p class=\"elementor-icon-box-description\">\n\t\t\t\t\t\tConceptos de acero secundario para poner en pr\u00e1ctica el concepto de soporte desde la planificaci\u00f3n de la tuber\u00eda,<br>\nPlanificaci\u00f3n detallada del acero secundario como construcci\u00f3n de acero convencional o uso de sistemas modulares como Mefa, Sikla o Hilti<br>\nConceptos de plataforma para definir la disposici\u00f3n y las condiciones de espacio para garantizar la accesibilidad.<br>\nPlanificaci\u00f3n detallada de la plataforma hasta la planificaci\u00f3n de la producci\u00f3n y la ejecuci\u00f3n.<br>\nPlanificaci\u00f3n y posicionamiento de los equipos de elevaci\u00f3n para unos procesos de montaje y mantenimiento eficientes.<br>\nOfrecemos desde la planificaci\u00f3n del concepto hasta la planificaci\u00f3n de la ejecuci\u00f3n para puentes de tuber\u00edas.<br>\n\t\t\t\t\t<\/p>\n\t\t\t\t\n\t\t\t<\/div>\n\t\t\t\n\t\t<\/div>\n\t\t\t\t\t\t<\/div>\n\t\t\t\t<\/div>\n\t\t\t\t<\/div>\n\t\t\t\t<\/div>\n\t\t<div class=\"elementor-element elementor-element-3d52a2c e-con-full e-flex elementor-invisible e-con e-child\" data-id=\"3d52a2c\" data-element_type=\"container\" data-e-type=\"container\" data-settings=\"{&quot;background_background&quot;:&quot;classic&quot;,&quot;animation&quot;:&quot;zoomIn&quot;,&quot;animation_delay&quot;:400}\">\n\t\t\t\t<\/div>\n\t\t\t\t<\/div>\n\t\t\t\t\t<\/div>\n\t\t\t\t<\/div>\n\t\t\t\t<\/div>\n\t\t","protected":false},"excerpt":{"rendered":"<p>Planificaci\u00f3n innovadora Nuestras competencias Conocimientos modernos de planificaci\u00f3n para sistemas eficientes: del concepto al detalle Cubrimos todo el espectro de planificaci\u00f3n de tuber\u00edas y construcciones met\u00e1licas, desde la planificaci\u00f3n b\u00e1sica hasta la detallada para sistemas existentes y nuevos. Otorgamos el m\u00e1ximo valor al uso de las tecnolog\u00edas m\u00e1s avanzadas. Mediante el uso de software soportado [&hellip;]<\/p>\n","protected":false},"author":1,"featured_media":0,"parent":4285,"menu_order":0,"comment_status":"closed","ping_status":"closed","template":"","meta":{"footnotes":""},"class_list":["post-4281","page","type-page","status-publish","hentry"],"_links":{"self":[{"href":"https:\/\/kib-gmbh.de\/es\/wp-json\/wp\/v2\/pages\/4281","targetHints":{"allow":["GET"]}}],"collection":[{"href":"https:\/\/kib-gmbh.de\/es\/wp-json\/wp\/v2\/pages"}],"about":[{"href":"https:\/\/kib-gmbh.de\/es\/wp-json\/wp\/v2\/types\/page"}],"author":[{"embeddable":true,"href":"https:\/\/kib-gmbh.de\/es\/wp-json\/wp\/v2\/users\/1"}],"replies":[{"embeddable":true,"href":"https:\/\/kib-gmbh.de\/es\/wp-json\/wp\/v2\/comments?post=4281"}],"version-history":[{"count":2,"href":"https:\/\/kib-gmbh.de\/es\/wp-json\/wp\/v2\/pages\/4281\/revisions"}],"predecessor-version":[{"id":4324,"href":"https:\/\/kib-gmbh.de\/es\/wp-json\/wp\/v2\/pages\/4281\/revisions\/4324"}],"up":[{"embeddable":true,"href":"https:\/\/kib-gmbh.de\/es\/wp-json\/wp\/v2\/pages\/4285"}],"wp:attachment":[{"href":"https:\/\/kib-gmbh.de\/es\/wp-json\/wp\/v2\/media?parent=4281"}],"curies":[{"name":"wp","href":"https:\/\/api.w.org\/{rel}","templated":true}]}}