{"id":4280,"date":"2025-03-19T14:54:57","date_gmt":"2025-03-19T13:54:57","guid":{"rendered":"https:\/\/kib-gmbh.de\/normas\/"},"modified":"2025-10-20T21:51:55","modified_gmt":"2025-10-20T20:51:55","slug":"normas","status":"publish","type":"page","link":"https:\/\/kib-gmbh.de\/es\/experiencia\/normas\/","title":{"rendered":"Normas"},"content":{"rendered":"\t\t<div data-elementor-type=\"wp-page\" data-elementor-id=\"4280\" class=\"elementor elementor-4280 elementor-2928\" data-elementor-post-type=\"page\">\n\t\t\t\t<div class=\"elementor-element elementor-element-724c3d8 e-flex e-con-boxed elementor-invisible e-con e-parent\" data-id=\"724c3d8\" data-element_type=\"container\" data-e-type=\"container\" data-settings=\"{&quot;background_background&quot;:&quot;classic&quot;,&quot;animation&quot;:&quot;fadeIn&quot;}\">\n\t\t\t\t\t<div class=\"e-con-inner\">\n\t\t\t\t<div class=\"elementor-element elementor-element-4dc4c95 elementor-widget elementor-widget-heading\" data-id=\"4dc4c95\" data-element_type=\"widget\" data-e-type=\"widget\" data-widget_type=\"heading.default\">\n\t\t\t\t<div class=\"elementor-widget-container\">\n\t\t\t\t\t<h1 class=\"elementor-heading-title elementor-size-default\">Normas<\/h1>\t\t\t\t<\/div>\n\t\t\t\t<\/div>\n\t\t\t\t\t<\/div>\n\t\t\t\t<\/div>\n\t\t<div class=\"elementor-element elementor-element-fbb73d0 e-flex e-con-boxed e-con e-parent\" data-id=\"fbb73d0\" data-element_type=\"container\" data-e-type=\"container\" data-settings=\"{&quot;background_background&quot;:&quot;classic&quot;}\">\n\t\t\t\t\t<div class=\"e-con-inner\">\n\t\t<div class=\"elementor-element elementor-element-3ba57de e-con-full e-flex elementor-invisible e-con e-child\" data-id=\"3ba57de\" data-element_type=\"container\" data-e-type=\"container\" data-settings=\"{&quot;animation&quot;:&quot;fadeIn&quot;,&quot;animation_delay&quot;:500,&quot;background_background&quot;:&quot;classic&quot;}\">\n\t\t\t\t<div class=\"elementor-element elementor-element-d56cda2 elementor-widget elementor-widget-heading\" data-id=\"d56cda2\" data-element_type=\"widget\" data-e-type=\"widget\" data-widget_type=\"heading.default\">\n\t\t\t\t<div class=\"elementor-widget-container\">\n\t\t\t\t\t<div class=\"elementor-heading-title elementor-size-default\">Nuestras competencias<\/div>\t\t\t\t<\/div>\n\t\t\t\t<\/div>\n\t\t\t\t<div class=\"elementor-element elementor-element-8721dcd elementor-widget__width-inherit elementor-widget elementor-widget-heading\" data-id=\"8721dcd\" data-element_type=\"widget\" data-e-type=\"widget\" data-widget_type=\"heading.default\">\n\t\t\t\t<div class=\"elementor-widget-container\">\n\t\t\t\t\t<div class=\"elementor-heading-title elementor-size-default\">Seguridad certificada - planificaci\u00f3n conforme a las normas internacionales<\/div>\t\t\t\t<\/div>\n\t\t\t\t<\/div>\n\t\t\t\t<div class=\"elementor-element elementor-element-e93e5d7 elementor-widget__width-initial elementor-widget-mobile__width-inherit elementor-widget elementor-widget-text-editor\" data-id=\"e93e5d7\" data-element_type=\"widget\" data-e-type=\"widget\" data-widget_type=\"text-editor.default\">\n\t\t\t\t<div class=\"elementor-widget-container\">\n\t\t\t\t\t\t\t\t\t<p>Nuestros ingenieros son sin\u00f3nimo del m\u00e1ximo nivel de profesionalidad y precisi\u00f3n en la planificaci\u00f3n t\u00e9cnica y el c\u00e1lculo. Tenemos plenamente en cuenta todas las normas y directrices pertinentes para garantizar los m\u00e1s altos niveles de seguridad y calidad: <\/p><ul class=\"ul1\"><li class=\"li2\">An\u00e1lisis de tensiones de sistemas HP, MD y LP seg\u00fan <strong>DIN EN 13480<\/strong>, <strong>ASME 31.1\/ASME 31.3<\/strong><\/li><li class=\"li2\">Cables GRP seg\u00fan <strong>ISO14692<\/strong><\/li><li class=\"li2\"><span class=\"s1\">C\u00e1lculo de la barra R seg\u00fan la <strong>CE 3<\/strong><\/span><\/li><li class=\"li2\"><span class=\"s1\">Verificaci\u00f3n de bridas <strong>DIN EN 1591<\/strong><\/span><\/li><li class=\"li2\"><strong><span class=\"s1\">ANSI31.1\/31.3<\/span><\/strong><\/li><li class=\"li2\"><span class=\"s1\">Dise\u00f1o t\u00e9cnico de sistemas HD, MD y LP seg\u00fan <\/span><strong>DIN EN 13480; ANSI 31.1\/31.3, AD2000; FDBR<\/strong><\/li><\/ul><ul class=\"ul1\"><li class=\"li2\"><span class=\"s1\">Creaci\u00f3n de clases de tuber\u00edas y certificados de presi\u00f3n interna de acuerdo con <strong>EN13480, FDBR <\/strong>y<strong> ASME<\/strong><\/span><\/li><li class=\"li2\"><span class=\"s1\">Prueba del estado del tiempo Sistemas HD  <\/span><\/li><li class=\"li2\"><span class=\"s1\">C\u00e1lculo FEM de componentes especiales<\/span><\/li><li>Contenedor de PRFV seg\u00fan DIN 13121<\/li><li class=\"li2\"><span class=\"s1\">Dimensionamiento de los componentes<\/span><\/li><li class=\"li2\"><span class=\"s1\">KTA<\/span><\/li><\/ul>\t\t\t\t\t\t\t\t<\/div>\n\t\t\t\t<\/div>\n\t\t\t\t<div class=\"elementor-element elementor-element-86f6a7d elementor-widget elementor-widget-button\" data-id=\"86f6a7d\" data-element_type=\"widget\" data-e-type=\"widget\" data-widget_type=\"button.default\">\n\t\t\t\t<div class=\"elementor-widget-container\">\n\t\t\t\t\t\t\t\t\t<div class=\"elementor-button-wrapper\">\n\t\t\t\t\t<a class=\"elementor-button elementor-button-link elementor-size-sm\" href=\"https:\/\/kib-gmbh.de\/es\/contacte-con-nosotros\/\">\n\t\t\t\t\t\t<span class=\"elementor-button-content-wrapper\">\n\t\t\t\t\t\t\t\t\t<span class=\"elementor-button-text\">Solicitar un proyecto<\/span>\n\t\t\t\t\t<\/span>\n\t\t\t\t\t<\/a>\n\t\t\t\t<\/div>\n\t\t\t\t\t\t\t\t<\/div>\n\t\t\t\t<\/div>\n\t\t\t\t<\/div>\n\t\t<div class=\"elementor-element elementor-element-1aaba2e e-con-full elementor-hidden-mobile e-flex e-con e-child\" data-id=\"1aaba2e\" data-element_type=\"container\" data-e-type=\"container\" data-settings=\"{&quot;background_background&quot;:&quot;classic&quot;}\">\n\t\t\t\t<\/div>\n\t\t\t\t\t<\/div>\n\t\t\t\t<\/div>\n\t\t\t\t<\/div>\n\t\t","protected":false},"excerpt":{"rendered":"<p>Normas Nuestras competencias Seguridad certificada &#8211; planificaci\u00f3n conforme a las normas internacionales Nuestros ingenieros son sin\u00f3nimo del m\u00e1ximo nivel de profesionalidad y precisi\u00f3n en la planificaci\u00f3n t\u00e9cnica y el c\u00e1lculo. Tenemos plenamente en cuenta todas las normas y directrices pertinentes para garantizar los m\u00e1s altos niveles de seguridad y calidad: An\u00e1lisis de tensiones de sistemas [&hellip;]<\/p>\n","protected":false},"author":1,"featured_media":0,"parent":4285,"menu_order":0,"comment_status":"closed","ping_status":"closed","template":"","meta":{"footnotes":""},"class_list":["post-4280","page","type-page","status-publish","hentry"],"_links":{"self":[{"href":"https:\/\/kib-gmbh.de\/es\/wp-json\/wp\/v2\/pages\/4280","targetHints":{"allow":["GET"]}}],"collection":[{"href":"https:\/\/kib-gmbh.de\/es\/wp-json\/wp\/v2\/pages"}],"about":[{"href":"https:\/\/kib-gmbh.de\/es\/wp-json\/wp\/v2\/types\/page"}],"author":[{"embeddable":true,"href":"https:\/\/kib-gmbh.de\/es\/wp-json\/wp\/v2\/users\/1"}],"replies":[{"embeddable":true,"href":"https:\/\/kib-gmbh.de\/es\/wp-json\/wp\/v2\/comments?post=4280"}],"version-history":[{"count":2,"href":"https:\/\/kib-gmbh.de\/es\/wp-json\/wp\/v2\/pages\/4280\/revisions"}],"predecessor-version":[{"id":4326,"href":"https:\/\/kib-gmbh.de\/es\/wp-json\/wp\/v2\/pages\/4280\/revisions\/4326"}],"up":[{"embeddable":true,"href":"https:\/\/kib-gmbh.de\/es\/wp-json\/wp\/v2\/pages\/4285"}],"wp:attachment":[{"href":"https:\/\/kib-gmbh.de\/es\/wp-json\/wp\/v2\/media?parent=4280"}],"curies":[{"name":"wp","href":"https:\/\/api.w.org\/{rel}","templated":true}]}}