{"id":4265,"date":"2024-10-10T14:49:01","date_gmt":"2024-10-10T13:49:01","guid":{"rendered":"https:\/\/kib-gmbh.de\/pie-de-imprenta\/"},"modified":"2025-07-18T11:22:39","modified_gmt":"2025-07-18T10:22:39","slug":"pie-de-imprenta","status":"publish","type":"page","link":"https:\/\/kib-gmbh.de\/es\/pie-de-imprenta\/","title":{"rendered":"Pie de imprenta"},"content":{"rendered":"\t\t<div data-elementor-type=\"wp-page\" data-elementor-id=\"4265\" class=\"elementor elementor-4265 elementor-1620\" data-elementor-post-type=\"page\">\n\t\t\t\t<div class=\"elementor-element elementor-element-6326b3b e-flex e-con-boxed e-con e-parent\" data-id=\"6326b3b\" data-element_type=\"container\" data-e-type=\"container\" data-settings=\"{&quot;background_background&quot;:&quot;classic&quot;}\">\n\t\t\t\t\t<div class=\"e-con-inner\">\n\t\t<div class=\"elementor-element elementor-element-40ae822 e-con-full e-flex e-con e-child\" data-id=\"40ae822\" data-element_type=\"container\" data-e-type=\"container\">\n\t\t\t\t<div class=\"elementor-element elementor-element-3f3867f elementor-widget elementor-widget-heading\" data-id=\"3f3867f\" data-element_type=\"widget\" data-e-type=\"widget\" data-widget_type=\"heading.default\">\n\t\t\t\t<div class=\"elementor-widget-container\">\n\t\t\t\t\t<h1 class=\"elementor-heading-title elementor-size-default\">Pie de imprenta<\/h1>\t\t\t\t<\/div>\n\t\t\t\t<\/div>\n\t\t\t\t<div class=\"elementor-element elementor-element-30320c7 elementor-widget elementor-widget-text-editor\" data-id=\"30320c7\" data-element_type=\"widget\" data-e-type=\"widget\" data-widget_type=\"text-editor.default\">\n\t\t\t\t<div class=\"elementor-widget-container\">\n\t\t\t\t\t\t\t\t\t<p><strong>KIB &#8211; Ingenier\u00eda y Consultor\u00eda GmbH<\/strong><\/p><p><br>Markus Kirchenbauer, Ingeniero Diplomado (FH) Director General<\/p><p><br>Andreas Schubert, Ingeniero (FH) Director General Adjunto <\/p><p><br><br>Sede central: B\u00fcrgermeister-Ertl-Stra\u00dfe 28a, D-82178 Puchheim<\/p><p><br><br>Sucursal: Zeppelinstr. 4 D-82178 Puchheim<\/p><p><br><br>Tel\u00e9fono: +49 89 <a href=\"tel:+498972631010\"> 7263101-0<\/a> Fax: +49 89 7263101-63 Correo electr\u00f3nico:<a href=\"mailto:info@kib-gmbh.de\">info@kib-gmbh.de<\/a><\/p><p><br><br>HRB: 125088 \/ Juzgado Local de M\u00fanich N\u00famero de identificaci\u00f3n fiscal: 117\/130\/40004 UID: DE 2006 755 90<\/p>\t\t\t\t\t\t\t\t<\/div>\n\t\t\t\t<\/div>\n\t\t\t\t<\/div>\n\t\t\t\t\t<\/div>\n\t\t\t\t<\/div>\n\t\t\t\t<\/div>\n\t\t","protected":false},"excerpt":{"rendered":"<p>Pie de imprenta KIB &#8211; Ingenier\u00eda y Consultor\u00eda GmbH Markus Kirchenbauer, Ingeniero Diplomado (FH) Director General Andreas Schubert, Ingeniero (FH) Director General Adjunto Sede central: B\u00fcrgermeister-Ertl-Stra\u00dfe 28a, D-82178 Puchheim Sucursal: Zeppelinstr. 4 D-82178 Puchheim Tel\u00e9fono: +49 89 7263101-0 Fax: +49 89 7263101-63 Correo electr\u00f3nico:info@kib-gmbh.de HRB: 125088 \/ Juzgado Local de M\u00fanich N\u00famero de identificaci\u00f3n fiscal: [&hellip;]<\/p>\n","protected":false},"author":1,"featured_media":0,"parent":0,"menu_order":0,"comment_status":"closed","ping_status":"closed","template":"","meta":{"footnotes":""},"class_list":["post-4265","page","type-page","status-publish","hentry"],"_links":{"self":[{"href":"https:\/\/kib-gmbh.de\/es\/wp-json\/wp\/v2\/pages\/4265","targetHints":{"allow":["GET"]}}],"collection":[{"href":"https:\/\/kib-gmbh.de\/es\/wp-json\/wp\/v2\/pages"}],"about":[{"href":"https:\/\/kib-gmbh.de\/es\/wp-json\/wp\/v2\/types\/page"}],"author":[{"embeddable":true,"href":"https:\/\/kib-gmbh.de\/es\/wp-json\/wp\/v2\/users\/1"}],"replies":[{"embeddable":true,"href":"https:\/\/kib-gmbh.de\/es\/wp-json\/wp\/v2\/comments?post=4265"}],"version-history":[{"count":1,"href":"https:\/\/kib-gmbh.de\/es\/wp-json\/wp\/v2\/pages\/4265\/revisions"}],"predecessor-version":[{"id":4279,"href":"https:\/\/kib-gmbh.de\/es\/wp-json\/wp\/v2\/pages\/4265\/revisions\/4279"}],"wp:attachment":[{"href":"https:\/\/kib-gmbh.de\/es\/wp-json\/wp\/v2\/media?parent=4265"}],"curies":[{"name":"wp","href":"https:\/\/api.w.org\/{rel}","templated":true}]}}