{"id":4259,"date":"2024-10-02T15:32:57","date_gmt":"2024-10-02T14:32:57","guid":{"rendered":"https:\/\/kib-gmbh.de\/supervision-de-la-construccion\/"},"modified":"2025-10-20T21:48:02","modified_gmt":"2025-10-20T20:48:02","slug":"supervision-de-la-construccion","status":"publish","type":"page","link":"https:\/\/kib-gmbh.de\/es\/experiencia\/supervision-de-la-construccion\/","title":{"rendered":"Supervisi\u00f3n de la construcci\u00f3n"},"content":{"rendered":"\t\t<div data-elementor-type=\"wp-page\" data-elementor-id=\"4259\" class=\"elementor elementor-4259 elementor-862\" data-elementor-post-type=\"page\">\n\t\t\t\t<div class=\"elementor-element elementor-element-f9328ef e-flex e-con-boxed elementor-invisible e-con e-parent\" data-id=\"f9328ef\" data-element_type=\"container\" data-e-type=\"container\" data-settings=\"{&quot;background_background&quot;:&quot;classic&quot;,&quot;animation&quot;:&quot;fadeIn&quot;}\">\n\t\t\t\t\t<div class=\"e-con-inner\">\n\t\t\t\t<div class=\"elementor-element elementor-element-3717260 elementor-widget elementor-widget-heading\" data-id=\"3717260\" data-element_type=\"widget\" data-e-type=\"widget\" data-widget_type=\"heading.default\">\n\t\t\t\t<div class=\"elementor-widget-container\">\n\t\t\t\t\t<h1 class=\"elementor-heading-title elementor-size-default\">Supervisi\u00f3n de la construcci\u00f3n<\/h1>\t\t\t\t<\/div>\n\t\t\t\t<\/div>\n\t\t\t\t\t<\/div>\n\t\t\t\t<\/div>\n\t\t<div class=\"elementor-element elementor-element-20f81b1 e-flex e-con-boxed e-con e-parent\" data-id=\"20f81b1\" data-element_type=\"container\" data-e-type=\"container\" data-settings=\"{&quot;background_background&quot;:&quot;classic&quot;}\">\n\t\t\t\t\t<div class=\"e-con-inner\">\n\t\t<div class=\"elementor-element elementor-element-25b8cf3 e-con-full e-flex elementor-invisible e-con e-child\" data-id=\"25b8cf3\" data-element_type=\"container\" data-e-type=\"container\" data-settings=\"{&quot;animation&quot;:&quot;fadeIn&quot;,&quot;animation_delay&quot;:500,&quot;background_background&quot;:&quot;classic&quot;}\">\n\t\t\t\t<div class=\"elementor-element elementor-element-48e28e9 elementor-widget elementor-widget-heading\" data-id=\"48e28e9\" data-element_type=\"widget\" data-e-type=\"widget\" data-widget_type=\"heading.default\">\n\t\t\t\t<div class=\"elementor-widget-container\">\n\t\t\t\t\t<p class=\"elementor-heading-title elementor-size-default\">Nuestras competencias<\/p>\t\t\t\t<\/div>\n\t\t\t\t<\/div>\n\t\t\t\t<div class=\"elementor-element elementor-element-a657bb9 elementor-widget__width-inherit elementor-widget elementor-widget-heading\" data-id=\"a657bb9\" data-element_type=\"widget\" data-e-type=\"widget\" data-widget_type=\"heading.default\">\n\t\t\t\t<div class=\"elementor-widget-container\">\n\t\t\t\t\t<h2 class=\"elementor-heading-title elementor-size-default\">Supervisi\u00f3n sistem\u00e1tica de la construcci\u00f3n - para la calidad, los plazos y el presupuesto<\/h2>\t\t\t\t<\/div>\n\t\t\t\t<\/div>\n\t\t\t\t<div class=\"elementor-element elementor-element-eed6fe0 elementor-widget__width-initial elementor-widget-mobile__width-inherit elementor-widget elementor-widget-text-editor\" data-id=\"eed6fe0\" data-element_type=\"widget\" data-e-type=\"widget\" data-widget_type=\"text-editor.default\">\n\t\t\t\t<div class=\"elementor-widget-container\">\n\t\t\t\t\t\t\t\t\t<p>Adem\u00e1s de la planificaci\u00f3n y el c\u00e1lculo, tambi\u00e9n ofrecemos un apoyo completo y profesional durante toda la fase de construcci\u00f3n. De este modo, nos aseguramos de que todos los trabajos previstos en la obra se desarrollen sin problemas y se realicen a tiempo y dentro del presupuesto. Nuestros ingenieros est\u00e1n a su lado desde la preparaci\u00f3n de la construcci\u00f3n hasta su finalizaci\u00f3n y garantizan el cumplimiento de todas las normas de calidad.  <\/p>\t\t\t\t\t\t\t\t<\/div>\n\t\t\t\t<\/div>\n\t\t\t\t<div class=\"elementor-element elementor-element-9ac575a elementor-widget elementor-widget-button\" data-id=\"9ac575a\" data-element_type=\"widget\" data-e-type=\"widget\" data-widget_type=\"button.default\">\n\t\t\t\t<div class=\"elementor-widget-container\">\n\t\t\t\t\t\t\t\t\t<div class=\"elementor-button-wrapper\">\n\t\t\t\t\t<a class=\"elementor-button elementor-button-link elementor-size-sm\" href=\"https:\/\/kib-gmbh.de\/es\/contacte-con-nosotros\/\">\n\t\t\t\t\t\t<span class=\"elementor-button-content-wrapper\">\n\t\t\t\t\t\t\t\t\t<span class=\"elementor-button-text\">Solicitar un proyecto<\/span>\n\t\t\t\t\t<\/span>\n\t\t\t\t\t<\/a>\n\t\t\t\t<\/div>\n\t\t\t\t\t\t\t\t<\/div>\n\t\t\t\t<\/div>\n\t\t\t\t<\/div>\n\t\t<div class=\"elementor-element elementor-element-a9b33f2 e-con-full e-flex elementor-invisible e-con e-child\" data-id=\"a9b33f2\" data-element_type=\"container\" data-e-type=\"container\" data-settings=\"{&quot;animation&quot;:&quot;fadeIn&quot;,&quot;animation_delay&quot;:500,&quot;background_background&quot;:&quot;classic&quot;}\">\n\t\t\t\t<\/div>\n\t\t\t\t\t<\/div>\n\t\t\t\t<\/div>\n\t\t<div class=\"elementor-element elementor-element-544739c e-flex e-con-boxed e-con e-parent\" data-id=\"544739c\" data-element_type=\"container\" data-e-type=\"container\" data-settings=\"{&quot;background_background&quot;:&quot;classic&quot;,&quot;animation&quot;:&quot;none&quot;}\">\n\t\t\t\t\t<div class=\"e-con-inner\">\n\t\t\t\t<div class=\"elementor-element elementor-element-8bac8f7 elementor-invisible elementor-widget elementor-widget-heading\" data-id=\"8bac8f7\" data-element_type=\"widget\" data-e-type=\"widget\" data-settings=\"{&quot;_animation&quot;:&quot;fadeIn&quot;}\" data-widget_type=\"heading.default\">\n\t\t\t\t<div class=\"elementor-widget-container\">\n\t\t\t\t\t<h2 class=\"elementor-heading-title elementor-size-default\">Nuestros servicios de apoyo a la construcci\u00f3n  \n<\/h2>\t\t\t\t<\/div>\n\t\t\t\t<\/div>\n\t\t<div class=\"elementor-element elementor-element-b5cea2d e-con-full e-flex e-con e-child\" data-id=\"b5cea2d\" data-element_type=\"container\" data-e-type=\"container\">\n\t\t<div class=\"elementor-element elementor-element-35a2747 e-con-full e-flex elementor-invisible e-con e-child\" data-id=\"35a2747\" data-element_type=\"container\" data-e-type=\"container\" data-settings=\"{&quot;background_background&quot;:&quot;classic&quot;,&quot;animation&quot;:&quot;zoomIn&quot;,&quot;animation_delay&quot;:600}\">\n\t\t\t\t<div class=\"elementor-element elementor-element-f4fda92 elementor-widget elementor-widget-icon-box\" data-id=\"f4fda92\" data-element_type=\"widget\" data-e-type=\"widget\" data-widget_type=\"icon-box.default\">\n\t\t\t\t<div class=\"elementor-widget-container\">\n\t\t\t\t\t\t\t<div class=\"elementor-icon-box-wrapper\">\n\n\t\t\t\n\t\t\t\t\t\t<div class=\"elementor-icon-box-content\">\n\n\t\t\t\t\t\t\t\t\t<h3 class=\"elementor-icon-box-title\">\n\t\t\t\t\t\t<span  >\n\t\t\t\t\t\t\tResoluci\u00f3n de problemas in situ\t\t\t\t\t\t<\/span>\n\t\t\t\t\t<\/h3>\n\t\t\t\t\n\t\t\t\t\t\t\t\t\t<p class=\"elementor-icon-box-description\">\n\t\t\t\t\t\tSi surgen retos inesperados durante la fase de construcci\u00f3n, estamos preparados con soluciones r\u00e1pidas y pragm\u00e1ticas. Nuestros ingenieros cuentan con los conocimientos y la experiencia necesarios para resolver los problemas directamente in situ y no entorpecer el avance de la construcci\u00f3n. \n\n\n\n\n\t\t\t\t\t<\/p>\n\t\t\t\t\n\t\t\t<\/div>\n\t\t\t\n\t\t<\/div>\n\t\t\t\t\t\t<\/div>\n\t\t\t\t<\/div>\n\t\t\t\t<\/div>\n\t\t<div class=\"elementor-element elementor-element-0a2902d e-con-full e-flex elementor-invisible e-con e-child\" data-id=\"0a2902d\" data-element_type=\"container\" data-e-type=\"container\" data-settings=\"{&quot;background_background&quot;:&quot;classic&quot;,&quot;animation&quot;:&quot;zoomIn&quot;,&quot;animation_delay&quot;:400}\">\n\t\t\t\t<div class=\"elementor-element elementor-element-964f54c elementor-widget elementor-widget-icon-box\" data-id=\"964f54c\" data-element_type=\"widget\" data-e-type=\"widget\" data-widget_type=\"icon-box.default\">\n\t\t\t\t<div class=\"elementor-widget-container\">\n\t\t\t\t\t\t\t<div class=\"elementor-icon-box-wrapper\">\n\n\t\t\t\n\t\t\t\t\t\t<div class=\"elementor-icon-box-content\">\n\n\t\t\t\t\t\t\t\t\t<h3 class=\"elementor-icon-box-title\">\n\t\t\t\t\t\t<span  >\n\t\t\t\t\t\t\tSoporte de montaje\t\t\t\t\t\t<\/span>\n\t\t\t\t\t<\/h3>\n\t\t\t\t\n\t\t\t\t\t\t\t\t\t<p class=\"elementor-icon-box-description\">\n\t\t\t\t\t\tSi lo desea, nuestros expertos le acompa\u00f1ar\u00e1n en la instalaci\u00f3n de los oficios que hayamos previsto in situ.  \n\n\n\n\t\t\t\t\t<\/p>\n\t\t\t\t\n\t\t\t<\/div>\n\t\t\t\n\t\t<\/div>\n\t\t\t\t\t\t<\/div>\n\t\t\t\t<\/div>\n\t\t\t\t<\/div>\n\t\t<div class=\"elementor-element elementor-element-41ecfd1 e-con-full e-flex elementor-invisible e-con e-child\" data-id=\"41ecfd1\" data-element_type=\"container\" data-e-type=\"container\" data-settings=\"{&quot;background_background&quot;:&quot;classic&quot;,&quot;animation&quot;:&quot;zoomIn&quot;,&quot;animation_delay&quot;:600}\">\n\t\t\t\t<div class=\"elementor-element elementor-element-b406381 elementor-widget elementor-widget-icon-box\" data-id=\"b406381\" data-element_type=\"widget\" data-e-type=\"widget\" data-widget_type=\"icon-box.default\">\n\t\t\t\t<div class=\"elementor-widget-container\">\n\t\t\t\t\t\t\t<div class=\"elementor-icon-box-wrapper\">\n\n\t\t\t\n\t\t\t\t\t\t<div class=\"elementor-icon-box-content\">\n\n\t\t\t\t\t\t\t\t\t<h3 class=\"elementor-icon-box-title\">\n\t\t\t\t\t\t<span  >\n\t\t\t\t\t\t\tDocumentaci\u00f3n del edificio\t\t\t\t\t\t<\/span>\n\t\t\t\t\t<\/h3>\n\t\t\t\t\n\t\t\t\t\t\t\t\t\t<p class=\"elementor-icon-box-description\">\n\t\t\t\t\t\tCreamos una documentaci\u00f3n de construcci\u00f3n completa que registra todos los pasos y cambios relevantes durante la fase de construcci\u00f3n. Esta documentaci\u00f3n sirve tanto de prueba de los servicios prestados como de base para la documentaci\u00f3n as-built. \n\n\n\n\n\t\t\t\t\t<\/p>\n\t\t\t\t\n\t\t\t<\/div>\n\t\t\t\n\t\t<\/div>\n\t\t\t\t\t\t<\/div>\n\t\t\t\t<\/div>\n\t\t\t\t<\/div>\n\t\t\t\t<\/div>\n\t\t\t\t\t<\/div>\n\t\t\t\t<\/div>\n\t\t\t\t<\/div>\n\t\t","protected":false},"excerpt":{"rendered":"<p>Supervisi\u00f3n de la construcci\u00f3n Nuestras competencias Supervisi\u00f3n sistem\u00e1tica de la construcci\u00f3n &#8211; para la calidad, los plazos y el presupuesto Adem\u00e1s de la planificaci\u00f3n y el c\u00e1lculo, tambi\u00e9n ofrecemos un apoyo completo y profesional durante toda la fase de construcci\u00f3n. De este modo, nos aseguramos de que todos los trabajos previstos en la obra se [&hellip;]<\/p>\n","protected":false},"author":1,"featured_media":0,"parent":4285,"menu_order":0,"comment_status":"closed","ping_status":"closed","template":"","meta":{"footnotes":""},"class_list":["post-4259","page","type-page","status-publish","hentry"],"_links":{"self":[{"href":"https:\/\/kib-gmbh.de\/es\/wp-json\/wp\/v2\/pages\/4259","targetHints":{"allow":["GET"]}}],"collection":[{"href":"https:\/\/kib-gmbh.de\/es\/wp-json\/wp\/v2\/pages"}],"about":[{"href":"https:\/\/kib-gmbh.de\/es\/wp-json\/wp\/v2\/types\/page"}],"author":[{"embeddable":true,"href":"https:\/\/kib-gmbh.de\/es\/wp-json\/wp\/v2\/users\/1"}],"replies":[{"embeddable":true,"href":"https:\/\/kib-gmbh.de\/es\/wp-json\/wp\/v2\/comments?post=4259"}],"version-history":[{"count":3,"href":"https:\/\/kib-gmbh.de\/es\/wp-json\/wp\/v2\/pages\/4259\/revisions"}],"predecessor-version":[{"id":4855,"href":"https:\/\/kib-gmbh.de\/es\/wp-json\/wp\/v2\/pages\/4259\/revisions\/4855"}],"up":[{"embeddable":true,"href":"https:\/\/kib-gmbh.de\/es\/wp-json\/wp\/v2\/pages\/4285"}],"wp:attachment":[{"href":"https:\/\/kib-gmbh.de\/es\/wp-json\/wp\/v2\/media?parent=4259"}],"curies":[{"name":"wp","href":"https:\/\/api.w.org\/{rel}","templated":true}]}}