{"id":4258,"date":"2024-10-02T15:34:24","date_gmt":"2024-10-02T14:34:24","guid":{"rendered":"https:\/\/kib-gmbh.de\/investigacion-y-desarrollo-id\/"},"modified":"2025-10-20T21:49:24","modified_gmt":"2025-10-20T20:49:24","slug":"investigacion-y-desarrollo-id","status":"publish","type":"page","link":"https:\/\/kib-gmbh.de\/es\/experiencia\/investigacion-y-desarrollo-id\/","title":{"rendered":"Investigaci\u00f3n y desarrollo (I+D)"},"content":{"rendered":"\t\t<div data-elementor-type=\"wp-page\" data-elementor-id=\"4258\" class=\"elementor elementor-4258 elementor-866\" data-elementor-post-type=\"page\">\n\t\t\t\t<div class=\"elementor-element elementor-element-fa1f818 e-flex e-con-boxed elementor-invisible e-con e-parent\" data-id=\"fa1f818\" data-element_type=\"container\" data-e-type=\"container\" data-settings=\"{&quot;background_background&quot;:&quot;classic&quot;,&quot;animation&quot;:&quot;fadeIn&quot;}\">\n\t\t\t\t\t<div class=\"e-con-inner\">\n\t\t\t\t<div class=\"elementor-element elementor-element-9fd82d9 elementor-widget elementor-widget-heading\" data-id=\"9fd82d9\" data-element_type=\"widget\" data-e-type=\"widget\" data-widget_type=\"heading.default\">\n\t\t\t\t<div class=\"elementor-widget-container\">\n\t\t\t\t\t<h1 class=\"elementor-heading-title elementor-size-default\">Investigaci\u00f3n y desarrollo<\/h1>\t\t\t\t<\/div>\n\t\t\t\t<\/div>\n\t\t\t\t\t<\/div>\n\t\t\t\t<\/div>\n\t\t<div class=\"elementor-element elementor-element-c9087d3 e-flex e-con-boxed e-con e-parent\" data-id=\"c9087d3\" data-element_type=\"container\" data-e-type=\"container\" data-settings=\"{&quot;background_background&quot;:&quot;classic&quot;}\">\n\t\t\t\t\t<div class=\"e-con-inner\">\n\t\t<div class=\"elementor-element elementor-element-462f3d5 e-con-full e-flex elementor-invisible e-con e-child\" data-id=\"462f3d5\" data-element_type=\"container\" data-e-type=\"container\" data-settings=\"{&quot;animation&quot;:&quot;fadeIn&quot;,&quot;animation_delay&quot;:500,&quot;background_background&quot;:&quot;classic&quot;}\">\n\t\t\t\t<div class=\"elementor-element elementor-element-1051453 elementor-widget elementor-widget-heading\" data-id=\"1051453\" data-element_type=\"widget\" data-e-type=\"widget\" data-widget_type=\"heading.default\">\n\t\t\t\t<div class=\"elementor-widget-container\">\n\t\t\t\t\t<p class=\"elementor-heading-title elementor-size-default\">Nuestras competencias<\/p>\t\t\t\t<\/div>\n\t\t\t\t<\/div>\n\t\t\t\t<div class=\"elementor-element elementor-element-cc20673 elementor-widget__width-inherit elementor-widget elementor-widget-heading\" data-id=\"cc20673\" data-element_type=\"widget\" data-e-type=\"widget\" data-widget_type=\"heading.default\">\n\t\t\t\t<div class=\"elementor-widget-container\">\n\t\t\t\t\t<h2 class=\"elementor-heading-title elementor-size-default\">  Innovadora soluci\u00f3n de conversi\u00f3n de energ\u00eda en l\u00edquido a partir de la investigaci\u00f3n y la pr\u00e1ctica<\/h2>\t\t\t\t<\/div>\n\t\t\t\t<\/div>\n\t\t\t\t<div class=\"elementor-element elementor-element-defd7aa elementor-widget elementor-widget-heading\" data-id=\"defd7aa\" data-element_type=\"widget\" data-e-type=\"widget\" data-widget_type=\"heading.default\">\n\t\t\t\t<div class=\"elementor-widget-container\">\n\t\t\t\t\t<p class=\"elementor-heading-title elementor-size-default\">Un proyecto de desarrollo conjunto de KIB Engineering &amp; Consulting GmbH y la Universidad de Ciencias Aplicadas de M\u00fanich HM<\/p>\t\t\t\t<\/div>\n\t\t\t\t<\/div>\n\t\t\t\t<div class=\"elementor-element elementor-element-6190268 elementor-widget elementor-widget-text-editor\" data-id=\"6190268\" data-element_type=\"widget\" data-e-type=\"widget\" data-widget_type=\"text-editor.default\">\n\t\t\t\t<div class=\"elementor-widget-container\">\n\t\t\t\t\t\t\t\t\t<p> <\/p><p><strong>Objetivo:<\/strong><\/p><p>Desarrollo de una planta descentralizada para la producci\u00f3n de metanol a partir de cargas residuales (= excedente de electricidad procedente de fuentes de energ\u00eda renovables) utilizando CO2 antropog\u00e9nico.<\/p><p>Los sistemas est\u00e1n dise\u00f1ados como contenedores para que puedan instalarse f\u00e1cilmente en las proximidades de centrales e\u00f3licas, sistemas fotovoltaicos o fuentes de CO2.<\/p><p>El producto metanol puede utilizarse como almacenamiento de energ\u00eda\/combustible o como reactivo para muchas aplicaciones industriales.<\/p><p>El CO2 se fija durante el mayor tiempo posible o, al menos, no se emite.<\/p><p><strong>Desaf\u00edo:<\/strong><\/p><p>Dise\u00f1o compacto descentralizado &#8211; construcci\u00f3n en contenedores &#8211; instalaci\u00f3n directa en parques e\u00f3licos, sistemas fotovoltaicos o fuentes de CO2 ecol\u00f3gicas.<\/p><p><strong>Dise\u00f1o escalable y modular<\/strong><\/p><p>Tiempos de respuesta r\u00e1pidos, disponibilidad siempre que haya cargas residuales (= excedente de electricidad procedente de fuentes renovables).<\/p><p><strong>Alta eficiencia e integraci\u00f3n del calor<\/strong><\/p><p>Pureza del producto: Elevada pureza del metanol tras el reactor, por lo que puede omitirse la compleja purificaci\u00f3n.<\/p><p><strong>Si desea obtener m\u00e1s informaci\u00f3n sobre nuestro proyecto, p\u00f3ngase en contacto con nosotros: estaremos encantados de escucharle.<\/strong><\/p>\t\t\t\t\t\t\t\t<\/div>\n\t\t\t\t<\/div>\n\t\t\t\t<div class=\"elementor-element elementor-element-47c2888 elementor-widget elementor-widget-button\" data-id=\"47c2888\" data-element_type=\"widget\" data-e-type=\"widget\" data-widget_type=\"button.default\">\n\t\t\t\t<div class=\"elementor-widget-container\">\n\t\t\t\t\t\t\t\t\t<div class=\"elementor-button-wrapper\">\n\t\t\t\t\t<a class=\"elementor-button elementor-button-link elementor-size-sm\" href=\"https:\/\/kib-gmbh.de\/es\/contacte-con-nosotros\/\">\n\t\t\t\t\t\t<span class=\"elementor-button-content-wrapper\">\n\t\t\t\t\t\t\t\t\t<span class=\"elementor-button-text\">Solicitar un proyecto<\/span>\n\t\t\t\t\t<\/span>\n\t\t\t\t\t<\/a>\n\t\t\t\t<\/div>\n\t\t\t\t\t\t\t\t<\/div>\n\t\t\t\t<\/div>\n\t\t\t\t<\/div>\n\t\t<div class=\"elementor-element elementor-element-f56242f e-con-full e-flex e-con e-child\" data-id=\"f56242f\" data-element_type=\"container\" data-e-type=\"container\" data-settings=\"{&quot;background_background&quot;:&quot;classic&quot;}\">\n\t\t\t\t<\/div>\n\t\t\t\t\t<\/div>\n\t\t\t\t<\/div>\n\t\t<div class=\"elementor-element elementor-element-b404976 e-flex e-con-boxed e-con e-parent\" data-id=\"b404976\" data-element_type=\"container\" data-e-type=\"container\" data-settings=\"{&quot;background_background&quot;:&quot;classic&quot;,&quot;animation&quot;:&quot;none&quot;}\">\n\t\t\t\t\t<div class=\"e-con-inner\">\n\t\t\t\t<div class=\"elementor-element elementor-element-7994b9e elementor-invisible elementor-widget elementor-widget-heading\" data-id=\"7994b9e\" data-element_type=\"widget\" data-e-type=\"widget\" data-settings=\"{&quot;_animation&quot;:&quot;fadeIn&quot;}\" data-widget_type=\"heading.default\">\n\t\t\t\t<div class=\"elementor-widget-container\">\n\t\t\t\t\t<h2 class=\"elementor-heading-title elementor-size-default\">Nuestro enfoque en investigaci\u00f3n y desarrollo\n<\/h2>\t\t\t\t<\/div>\n\t\t\t\t<\/div>\n\t\t<div class=\"elementor-element elementor-element-8f69208 e-con-full e-flex e-con e-child\" data-id=\"8f69208\" data-element_type=\"container\" data-e-type=\"container\">\n\t\t<div class=\"elementor-element elementor-element-ff31fa1 e-con-full e-flex elementor-invisible e-con e-child\" data-id=\"ff31fa1\" data-element_type=\"container\" data-e-type=\"container\" data-settings=\"{&quot;background_background&quot;:&quot;classic&quot;,&quot;animation&quot;:&quot;zoomIn&quot;}\">\n\t\t\t\t<div class=\"elementor-element elementor-element-50b30c4 elementor-widget elementor-widget-icon-box\" data-id=\"50b30c4\" data-element_type=\"widget\" data-e-type=\"widget\" data-widget_type=\"icon-box.default\">\n\t\t\t\t<div class=\"elementor-widget-container\">\n\t\t\t\t\t\t\t<div class=\"elementor-icon-box-wrapper\">\n\n\t\t\t\n\t\t\t\t\t\t<div class=\"elementor-icon-box-content\">\n\n\t\t\t\t\t\t\t\t\t<h3 class=\"elementor-icon-box-title\">\n\t\t\t\t\t\t<span  >\n\t\t\t\t\t\t\tSimulaci\u00f3n de procesos de ingenier\u00eda de procesos\t\t\t\t\t\t<\/span>\n\t\t\t\t\t<\/h3>\n\t\t\t\t\n\t\t\t\t\t\t\t\t\t<p class=\"elementor-icon-box-description\">\n\t\t\t\t\t\tUtilizamos m\u00e9todos de simulaci\u00f3n de \u00faltima generaci\u00f3n para analizar y optimizar procesos complejos de ingenier\u00eda de procesos. Nuestras simulaciones ayudan a aumentar la eficacia de las plantas de producci\u00f3n, ahorrar energ\u00eda y reducir los costes de explotaci\u00f3n. Nos basamos en modelos matem\u00e1ticos precisos que reproducen las condiciones reales con la mayor exactitud posible.  \n\t\t\t\t\t<\/p>\n\t\t\t\t\n\t\t\t<\/div>\n\t\t\t\n\t\t<\/div>\n\t\t\t\t\t\t<\/div>\n\t\t\t\t<\/div>\n\t\t\t\t<\/div>\n\t\t\t\t<\/div>\n\t\t\t\t\t<\/div>\n\t\t\t\t<\/div>\n\t\t\t\t<\/div>\n\t\t","protected":false},"excerpt":{"rendered":"<p>Investigaci\u00f3n y desarrollo Nuestras competencias Innovadora soluci\u00f3n de conversi\u00f3n de energ\u00eda en l\u00edquido a partir de la investigaci\u00f3n y la pr\u00e1ctica Un proyecto de desarrollo conjunto de KIB Engineering &amp; Consulting GmbH y la Universidad de Ciencias Aplicadas de M\u00fanich HM Objetivo: Desarrollo de una planta descentralizada para la producci\u00f3n de metanol a partir de [&hellip;]<\/p>\n","protected":false},"author":1,"featured_media":0,"parent":4285,"menu_order":0,"comment_status":"closed","ping_status":"closed","template":"","meta":{"footnotes":""},"class_list":["post-4258","page","type-page","status-publish","hentry"],"_links":{"self":[{"href":"https:\/\/kib-gmbh.de\/es\/wp-json\/wp\/v2\/pages\/4258","targetHints":{"allow":["GET"]}}],"collection":[{"href":"https:\/\/kib-gmbh.de\/es\/wp-json\/wp\/v2\/pages"}],"about":[{"href":"https:\/\/kib-gmbh.de\/es\/wp-json\/wp\/v2\/types\/page"}],"author":[{"embeddable":true,"href":"https:\/\/kib-gmbh.de\/es\/wp-json\/wp\/v2\/users\/1"}],"replies":[{"embeddable":true,"href":"https:\/\/kib-gmbh.de\/es\/wp-json\/wp\/v2\/comments?post=4258"}],"version-history":[{"count":3,"href":"https:\/\/kib-gmbh.de\/es\/wp-json\/wp\/v2\/pages\/4258\/revisions"}],"predecessor-version":[{"id":4863,"href":"https:\/\/kib-gmbh.de\/es\/wp-json\/wp\/v2\/pages\/4258\/revisions\/4863"}],"up":[{"embeddable":true,"href":"https:\/\/kib-gmbh.de\/es\/wp-json\/wp\/v2\/pages\/4285"}],"wp:attachment":[{"href":"https:\/\/kib-gmbh.de\/es\/wp-json\/wp\/v2\/media?parent=4258"}],"curies":[{"name":"wp","href":"https:\/\/api.w.org\/{rel}","templated":true}]}}